{"id":121,"date":"2018-01-25T17:24:37","date_gmt":"2018-01-25T17:24:37","guid":{"rendered":"https:\/\/gaphrsm.ca\/lecteur\/?page_id=121"},"modified":"2018-06-14T16:13:31","modified_gmt":"2018-06-14T16:13:31","slug":"nos-principales-activites","status":"publish","type":"page","link":"https:\/\/www.gaphrsm.ca\/lecteur\/nos-principales-activites\/","title":{"rendered":"Nos principales activit\u00e9s"},"content":{"rendered":"<div id=\"pl-121\"  class=\"panel-layout\" ><div id=\"pg-121-0\"  class=\"panel-grid panel-no-style\" ><div id=\"pgc-121-0-0\"  class=\"panel-grid-cell\" ><div id=\"panel-121-0-0-0\" class=\"so-panel widget widget_sow-editor panel-first-child\" data-index=\"0\" ><div\n\t\t\t\n\t\t\tclass=\"so-widget-sow-editor so-widget-sow-editor-base\"\n\t\t\t\n\t\t>\n<div class=\"siteorigin-widget-tinymce textwidget\">\n\t<ul id=\"menu-nos-principales-activites\" class=\"dropdown-menu sf-menu sf-js-enabled\">\n<li class=\"menu-item menu-item-type-post_type menu-item-object-page current-menu-item page_item page-item-121 current_page_item menu-item-531\" aria-current=\"true\"><a class=\"menu-link\" href=\"https:\/\/gaphrsm.ca\/lecteur\/nos-principales-activites\/\">Nos principales activit\u00e9s<\/a><span class=\"screen-reader-text\">(current)<\/span><span class=\"screen-reader-text\">(current)<\/span><\/li>\n<li class=\"menu-item menu-item-type-post_type menu-item-object-page menu-item-566\"><a class=\"menu-link\" href=\"https:\/\/gaphrsm.ca\/lecteur\/enjeux-municipaux\/\">Enjeux municipaux<\/a><\/li>\n<li class=\"menu-item menu-item-type-post_type menu-item-object-page menu-item-565\"><a class=\"menu-link\" href=\"https:\/\/gaphrsm.ca\/lecteur\/soutien-a-la-personne\/\">Soutien \u00e0 la personne<\/a><\/li>\n<li class=\"menu-item menu-item-type-post_type menu-item-object-page menu-item-564\"><a class=\"menu-link\" href=\"https:\/\/gaphrsm.ca\/lecteur\/soutien-a-la-famille\/\">Soutien \u00e0 la famille<\/a><\/li>\n<li class=\"menu-item menu-item-type-post_type menu-item-object-page menu-item-563\"><a class=\"menu-link\" href=\"https:\/\/gaphrsm.ca\/lecteur\/sensibilisation-education-populaire\/\">Sensibilisation \u00e9ducation populaire<\/a><\/li>\n<li class=\"menu-item menu-item-type-post_type menu-item-object-page menu-item-562\"><a class=\"menu-link\" href=\"https:\/\/gaphrsm.ca\/lecteur\/soutien-et-formations-aux-membres\/\">SOUTIEN ET FORMATIONS AUX MEMBRES<\/a><\/li>\n<li class=\"menu-item menu-item-type-post_type menu-item-object-page menu-item-561\"><a class=\"menu-link\" href=\"https:\/\/gaphrsm.ca\/lecteur\/section-membres\/\">SECTION MEMBRES<\/a><\/li>\n<\/ul>\n<\/div>\n<\/div><\/div><div id=\"panel-121-0-0-1\" class=\"so-panel widget widget_sow-editor panel-last-child\" data-index=\"1\" ><div\n\t\t\t\n\t\t\tclass=\"so-widget-sow-editor so-widget-sow-editor-base\"\n\t\t\t\n\t\t>\n<div class=\"siteorigin-widget-tinymce textwidget\">\n\t<h2>Nos principaux dossiers en promotion et d\u00e9fense des droits<\/h2>\n<p>Le GAPHRSM est actif sur plusieurs dossiers en promotion et d\u00e9fense des droits.<\/p>\n<p>Avec nos membres nous d\u00e9veloppons une vision commune et \u00e9tablissons des strat\u00e9gies d\u2019actions, de communication, de revendications et de mobilisation contre l\u2019exclusion et en r\u00e9ponse aux besoins des personnes handicap\u00e9es de la rive sud de Montr\u00e9al.<\/p>\n<p>Nos interventions sont ax\u00e9es sur la justice sociale. Nous contribuons \u00e0 l\u2019am\u00e9lioration des conditions de vie, \u00e0 l\u2019am\u00e9lioration du tissu social, au renforcement des potentiels pour une citoyennet\u00e9 active des personnes handicap\u00e9es et de leurs familles.<\/p>\n<\/div>\n<\/div><\/div><\/div><\/div><\/div>","protected":false},"excerpt":{"rendered":"<p>Nos principales activit\u00e9s(current)(current) Enjeux municipaux Soutien \u00e0 la personne Soutien \u00e0 la famille Sensibilisation \u00e9ducation populaire SOUTIEN ET FORMATIONS AUX MEMBRES SECTION MEMBRES Nos principaux dossiers en promotion et d\u00e9fense des droits Le GAPHRSM est actif sur plusieurs dossiers en promotion et d\u00e9fense des droits. Avec nos membres nous d\u00e9veloppons une vision commune et \u00e9tablissons&hellip; <\/p>\n<p class=\"simppeli-read-more\"><a href=\"https:\/\/www.gaphrsm.ca\/lecteur\/nos-principales-activites\/\" class=\"more-link\">Continue reading <span class=\"screen-reader-text\">Nos principales activit\u00e9s<\/span> <span class=\"meta-nav\">&rarr;<\/span><\/a><\/p>\n","protected":false},"author":1,"featured_media":0,"parent":0,"menu_order":0,"comment_status":"closed","ping_status":"closed","template":"","meta":{"footnotes":""},"class_list":["post-121","page","type-page","status-publish","hentry"],"_links":{"self":[{"href":"https:\/\/www.gaphrsm.ca\/lecteur\/wp-json\/wp\/v2\/pages\/121","targetHints":{"allow":["GET"]}}],"collection":[{"href":"https:\/\/www.gaphrsm.ca\/lecteur\/wp-json\/wp\/v2\/pages"}],"about":[{"href":"https:\/\/www.gaphrsm.ca\/lecteur\/wp-json\/wp\/v2\/types\/page"}],"author":[{"embeddable":true,"href":"https:\/\/www.gaphrsm.ca\/lecteur\/wp-json\/wp\/v2\/users\/1"}],"replies":[{"embeddable":true,"href":"https:\/\/www.gaphrsm.ca\/lecteur\/wp-json\/wp\/v2\/comments?post=121"}],"version-history":[{"count":22,"href":"https:\/\/www.gaphrsm.ca\/lecteur\/wp-json\/wp\/v2\/pages\/121\/revisions"}],"predecessor-version":[{"id":1037,"href":"https:\/\/www.gaphrsm.ca\/lecteur\/wp-json\/wp\/v2\/pages\/121\/revisions\/1037"}],"wp:attachment":[{"href":"https:\/\/www.gaphrsm.ca\/lecteur\/wp-json\/wp\/v2\/media?parent=121"}],"curies":[{"name":"wp","href":"https:\/\/api.w.org\/{rel}","templated":true}]}}