{"id":2,"date":"2018-01-24T08:58:18","date_gmt":"2018-01-24T08:58:18","guid":{"rendered":"https:\/\/gaphrsm.ca\/lecteur\/?page_id=2"},"modified":"2026-02-04T18:13:04","modified_gmt":"2026-02-04T18:13:04","slug":"about","status":"publish","type":"page","link":"https:\/\/www.gaphrsm.ca\/lecteur\/","title":{"rendered":"Accueil"},"content":{"rendered":"<div id=\"pl-2\"  class=\"panel-layout\" ><div id=\"pg-2-0\"  class=\"panel-grid panel-has-style\" ><div class=\"panel-row-style panel-row-style-for-2-0\" ><div id=\"pgc-2-0-0\"  class=\"panel-grid-cell\" ><div id=\"panel-2-0-0-0\" class=\"so-panel widget widget_sow-editor panel-first-child panel-last-child\" data-index=\"0\" ><div class=\"panel-widget-style panel-widget-style-for-2-0-0-0\" ><div\n\t\t\t\n\t\t\tclass=\"so-widget-sow-editor so-widget-sow-editor-base\"\n\t\t\t\n\t\t>\n<div class=\"siteorigin-widget-tinymce textwidget\">\n\t<h3>Le GAPHRSM est fond\u00e9 en 1978, est un organisme \u00e0 but non lucratif vou\u00e9 \u00e0 la d\u00e9fense des droits et \u00e0 la promotion des int\u00e9r\u00eats des personnes handicap\u00e9es.<\/h3>\n<\/div>\n<\/div><\/div><\/div><\/div><\/div><\/div><div id=\"pg-2-1\"  class=\"panel-grid panel-no-style\" ><div id=\"pgc-2-1-0\"  class=\"panel-grid-cell\" ><div id=\"panel-2-1-0-0\" class=\"so-panel widget widget_ink-divider panel-first-child\" data-index=\"1\" ><div\n\t\t\t\n\t\t\tclass=\"so-widget-ink-divider so-widget-ink-divider-divider-348b00e9fe7b-2\"\n\t\t\t\n\t\t><div class=\"iw-so-divider-top\"><\/div>\n<div class=\"iw-so-divider \"><\/div>\n<div class=\"iw-so-divider-bottom\"><\/div>\n<\/div><\/div><div id=\"panel-2-1-0-1\" class=\"so-panel widget widget_sow-editor\" data-index=\"2\" ><div\n\t\t\t\n\t\t\tclass=\"so-widget-sow-editor so-widget-sow-editor-base\"\n\t\t\t\n\t\t>\n<div class=\"siteorigin-widget-tinymce textwidget\">\n\t<h2 class=\"page-header-title clr\">Formation ACCES+<\/h2>\n<p><a href=\"https:\/\/www.gaphrsm.ca\/webFormation\/index.html\">Acc\u00e9der \u00e0 la page de la formation<\/a><\/p>\n<\/div>\n<\/div><\/div><div id=\"panel-2-1-0-2\" class=\"so-panel widget widget_sow-editor\" data-index=\"3\" ><div\n\t\t\t\n\t\t\tclass=\"so-widget-sow-editor so-widget-sow-editor-base\"\n\t\t\t\n\t\t>\n<div class=\"siteorigin-widget-tinymce textwidget\">\n\t<h2 class=\"page-header-title clr\">Brigade AXECIBLE<\/h2>\n<p><strong>GAPHRSM<\/strong>\u00a0<strong>vous invite \u00e0 vous joindre \u00e0 la Brigade AXECIBLE.<\/strong><\/p>\n<p><a href=\"https:\/\/gaphrsm.ca\/lecteur\/brigade-axecible\/\">Acc\u00e9der \u00e0 la page Brigade AXECIBLE<\/a><\/p>\n<\/div>\n<\/div><\/div>\n\t\t<div id=\"panel-2-1-0-3\" class=\"so-panel widget widget_recent-posts widget_recent_entries panel-last-child\" data-index=\"4\" >\n\t\t<h3 class=\"widget-title\">Nouvelles et articles r\u00e9cents<\/h3>\n\t\t<ul>\n\t\t\t\t\t\t\t\t\t\t\t<li>\n\t\t\t\t\t<a href=\"https:\/\/www.gaphrsm.ca\/lecteur\/rapport-annuel-2024-2025\/\">Rapport annuel 2024-2025<\/a>\n\t\t\t\t\t\t\t\t\t<\/li>\n\t\t\t\t\t\t\t\t\t\t\t<li>\n\t\t\t\t\t<a href=\"https:\/\/www.gaphrsm.ca\/lecteur\/plan-daction-2025-2028\/\">Plan d&rsquo;action 2025-2028<\/a>\n\t\t\t\t\t\t\t\t\t<\/li>\n\t\t\t\t\t\t\t\t\t\t\t<li>\n\t\t\t\t\t<a href=\"https:\/\/www.gaphrsm.ca\/lecteur\/rapport-annuel-dactivites-2023-2024\/\">Rapport annuel d&rsquo;activit\u00e9s 2023-2024<\/a>\n\t\t\t\t\t\t\t\t\t<\/li>\n\t\t\t\t\t\t\t\t\t\t\t<li>\n\t\t\t\t\t<a href=\"https:\/\/www.gaphrsm.ca\/lecteur\/plan-daction-2024-2025\/\">Plan d&rsquo;action 2024-2025<\/a>\n\t\t\t\t\t\t\t\t\t<\/li>\n\t\t\t\t\t\t\t\t\t\t\t<li>\n\t\t\t\t\t<a href=\"https:\/\/www.gaphrsm.ca\/lecteur\/rapport-annuel-dactivites-2022-2023\/\">Rapport annuel d&rsquo;activit\u00e9s 2022-2023<\/a>\n\t\t\t\t\t\t\t\t\t<\/li>\n\t\t\t\t\t\t\t\t\t\t\t<li>\n\t\t\t\t\t<a href=\"https:\/\/www.gaphrsm.ca\/lecteur\/plan-daction-2023-2024\/\">Plan d&rsquo;action 2023-2024<\/a>\n\t\t\t\t\t\t\t\t\t<\/li>\n\t\t\t\t\t\t\t\t\t\t\t<li>\n\t\t\t\t\t<a href=\"https:\/\/www.gaphrsm.ca\/lecteur\/rapport-annuel-dactivites-2021-2022\/\">Rapport annuel d&rsquo;activit\u00e9s 2021-2022<\/a>\n\t\t\t\t\t\t\t\t\t<\/li>\n\t\t\t\t\t\t\t\t\t\t\t<li>\n\t\t\t\t\t<a href=\"https:\/\/www.gaphrsm.ca\/lecteur\/plan-daction-2022-2023\/\">Plan d&rsquo;action 2022-2023<\/a>\n\t\t\t\t\t\t\t\t\t<\/li>\n\t\t\t\t\t<\/ul>\n\n\t\t<\/div><\/div><\/div><div id=\"pg-2-2\"  class=\"panel-grid panel-has-style\" ><div class=\"panel-row-style panel-row-style-for-2-2\" ><div id=\"pgc-2-2-0\"  class=\"panel-grid-cell\" ><div id=\"panel-2-2-0-0\" class=\"so-panel widget widget_sow-editor panel-first-child panel-last-child\" data-index=\"5\" ><div class=\"panel-widget-style panel-widget-style-for-2-2-0-0\" ><div\n\t\t\t\n\t\t\tclass=\"so-widget-sow-editor so-widget-sow-editor-base\"\n\t\t\t\n\t\t>\n<div class=\"siteorigin-widget-tinymce textwidget\">\n\t<h2 id=\"menupage\" class=\"colG\">NOS PRINCIPALES ACTIVIT\u00c9S<\/h2>\n<\/div>\n<\/div><\/div><\/div><\/div><\/div><\/div><div id=\"pg-2-3\"  class=\"panel-grid panel-has-style\" ><div class=\"siteorigin-panels-stretch panel-row-style panel-row-style-for-2-3\" data-stretch-type=\"full\" ><div id=\"pgc-2-3-0\"  class=\"panel-grid-cell\" ><div id=\"panel-2-3-0-0\" class=\"so-panel widget widget_sow-editor panel-first-child\" data-index=\"6\" ><div\n\t\t\t\n\t\t\tclass=\"so-widget-sow-editor so-widget-sow-editor-base\"\n\t\t\t\n\t\t>\n<div class=\"siteorigin-widget-tinymce textwidget\">\n\t<p>&nbsp;<\/p>\n<h2><a href=\"https:\/\/gaphrsm.ca\/lecteur\/enjeux-municipaux\/\">Enjeux municipaux\u00a0<\/a><\/h2>\n<ul>\n<li>Plans d\u2019action des villes<\/li>\n<li>Transport collectif<\/li>\n<li>L\u2019accessibilit\u00e9 universelle<\/li>\n<\/ul>\n<\/div>\n<\/div><\/div><div id=\"panel-2-3-0-1\" class=\"so-panel widget widget_sow-editor\" data-index=\"7\" ><div\n\t\t\t\n\t\t\tclass=\"so-widget-sow-editor so-widget-sow-editor-base\"\n\t\t\t\n\t\t>\n<div class=\"siteorigin-widget-tinymce textwidget\">\n\t<h2><\/h2>\n<h2><a href=\"https:\/\/gaphrsm.ca\/lecteur\/soutien-a-la-famille\/\">Soutien \u00e0 la famille\u00a0<\/a><\/h2>\n<ul>\n<li>Conciliation travail-famille<\/li>\n<li>Programme soutien \u00e0 la famille<\/li>\n<li>R\u00e9pit et gardiennage<\/li>\n<li>Service de surveillance<\/li>\n<\/ul>\n<\/div>\n<\/div><\/div><div id=\"panel-2-3-0-2\" class=\"so-panel widget widget_sow-editor\" data-index=\"8\" ><div\n\t\t\t\n\t\t\tclass=\"so-widget-sow-editor so-widget-sow-editor-base\"\n\t\t\t\n\t\t>\n<div class=\"siteorigin-widget-tinymce textwidget\">\n\t<h2><\/h2>\n<h2><a href=\"https:\/\/gaphrsm.ca\/lecteur\/soutien-a-la-personne\/\">Soutien \u00e0 la personne\u00a0<\/a><\/h2>\n<ul>\n<li>Habitation<\/li>\n<li>Ressources r\u00e9sidentielles<\/li>\n<li>Culture, loisirs, sports<\/li>\n<li>Mourir dans la dignit\u00e9<\/li>\n<li>Soutien \u00e0 domicile<\/li>\n<li>Education, adaptation et r\u00e9adaptation.<\/li>\n<li>Vie sociale et professionnelle<\/li>\n<\/ul>\n<\/div>\n<\/div><\/div><div id=\"panel-2-3-0-3\" class=\"so-panel widget widget_sow-editor panel-last-child\" data-index=\"9\" ><div\n\t\t\t\n\t\t\tclass=\"so-widget-sow-editor so-widget-sow-editor-base\"\n\t\t\t\n\t\t>\n<div class=\"siteorigin-widget-tinymce textwidget\">\n\t<h2><\/h2>\n<h2><a href=\"https:\/\/gaphrsm.ca\/lecteur\/sensibilisation-education-populaire\/\">Sensibilisation \u00e9ducation populaire<\/a><\/h2>\n<p>Ne manquez pas de vous informer sur les enjeux et les situations v\u00e9cus par les personnes en situations de handicap et de leurs familles. Chroniques \"Comment \u00e7a se vit\".<\/p>\n<\/div>\n<\/div><\/div><\/div><\/div><\/div><\/div>","protected":false},"excerpt":{"rendered":"<p>Le GAPHRSM est fond\u00e9 en 1978, est un organisme \u00e0 but non lucratif vou\u00e9 \u00e0 la d\u00e9fense des droits et \u00e0 la promotion des int\u00e9r\u00eats des personnes handicap\u00e9es. Formation ACCES+ Acc\u00e9der \u00e0 la page de la formation Brigade AXECIBLE GAPHRSM\u00a0vous invite \u00e0 vous joindre \u00e0 la Brigade AXECIBLE. Acc\u00e9der \u00e0 la page Brigade AXECIBLE<\/p>\n","protected":false},"author":1,"featured_media":0,"parent":0,"menu_order":0,"comment_status":"closed","ping_status":"closed","template":"","meta":{"footnotes":""},"class_list":["post-2","page","type-page","status-publish","hentry"],"_links":{"self":[{"href":"https:\/\/www.gaphrsm.ca\/lecteur\/wp-json\/wp\/v2\/pages\/2","targetHints":{"allow":["GET"]}}],"collection":[{"href":"https:\/\/www.gaphrsm.ca\/lecteur\/wp-json\/wp\/v2\/pages"}],"about":[{"href":"https:\/\/www.gaphrsm.ca\/lecteur\/wp-json\/wp\/v2\/types\/page"}],"author":[{"embeddable":true,"href":"https:\/\/www.gaphrsm.ca\/lecteur\/wp-json\/wp\/v2\/users\/1"}],"replies":[{"embeddable":true,"href":"https:\/\/www.gaphrsm.ca\/lecteur\/wp-json\/wp\/v2\/comments?post=2"}],"version-history":[{"count":142,"href":"https:\/\/www.gaphrsm.ca\/lecteur\/wp-json\/wp\/v2\/pages\/2\/revisions"}],"predecessor-version":[{"id":1703,"href":"https:\/\/www.gaphrsm.ca\/lecteur\/wp-json\/wp\/v2\/pages\/2\/revisions\/1703"}],"wp:attachment":[{"href":"https:\/\/www.gaphrsm.ca\/lecteur\/wp-json\/wp\/v2\/media?parent=2"}],"curies":[{"name":"wp","href":"https:\/\/api.w.org\/{rel}","templated":true}]}}