{"id":489,"date":"2018-01-29T19:36:34","date_gmt":"2018-01-29T19:36:34","guid":{"rendered":"https:\/\/gaphrsm.ca\/lecteur\/?page_id=489"},"modified":"2018-06-14T16:26:29","modified_gmt":"2018-06-14T16:26:29","slug":"documentation","status":"publish","type":"page","link":"https:\/\/www.gaphrsm.ca\/lecteur\/documentation\/","title":{"rendered":"Documentation"},"content":{"rendered":"<div id=\"pl-489\"  class=\"panel-layout\" ><div id=\"pg-489-0\"  class=\"panel-grid panel-no-style\" ><div id=\"pgc-489-0-0\"  class=\"panel-grid-cell\" ><div id=\"panel-489-0-0-0\" class=\"so-panel widget widget_sow-editor panel-first-child\" data-index=\"0\" ><div\n\t\t\t\n\t\t\tclass=\"so-widget-sow-editor so-widget-sow-editor-base\"\n\t\t\t\n\t\t>\n<div class=\"siteorigin-widget-tinymce textwidget\">\n\t<ul id=\"menu-communications\" class=\"dropdown-menu sf-menu sf-js-enabled\">\n<li class=\"menu-item menu-item-type-post_type menu-item-object-page menu-item-486\"><a class=\"menu-link\" href=\"https:\/\/gaphrsm.ca\/lecteur\/quoi-de-neuf\/\">Nouvelles et communiqu\u00e9s<\/a><\/li>\n<li class=\"menu-item menu-item-type-post_type menu-item-object-page menu-item-497\"><a class=\"menu-link\" href=\"https:\/\/gaphrsm.ca\/lecteur\/dossiers-speciales\/\">Dossiers sp\u00e9ciales<\/a><\/li>\n<li class=\"menu-item menu-item-type-post_type menu-item-object-page menu-item-496\"><a class=\"menu-link\" href=\"https:\/\/gaphrsm.ca\/lecteur\/documentation\/\">Documentation<\/a><\/li>\n<li class=\"menu-item menu-item-type-post_type menu-item-object-page menu-item-495\"><a class=\"menu-link\" href=\"https:\/\/gaphrsm.ca\/lecteur\/archives-2011-2015\/\">Archives 2011-2015<\/a><\/li>\n<\/ul>\n<\/div>\n<\/div><\/div><div id=\"panel-489-0-0-1\" class=\"so-panel widget widget_sow-editor panel-last-child\" data-index=\"1\" ><div\n\t\t\t\n\t\t\tclass=\"so-widget-sow-editor so-widget-sow-editor-base\"\n\t\t\t\n\t\t>\n<div class=\"siteorigin-widget-tinymce textwidget\">\n\t<ul>\n<li><img loading=\"lazy\" decoding=\"async\" src=\"https:\/\/www.gaphrsm.ca\/images\/elements_graphiques\/doc_word.jpg\" alt=\"Document Word\" width=\"16\" height=\"16\" \/>\u00a0<a href=\"https:\/\/www.gaphrsm.ca\/documents\/Documentation\/Guide_Accessibilite_universelle_communication_2014.doc\" target=\"_blank\" rel=\"noopener\">AlterGO - Accessibilit\u00e9 universelle des outils de communications, guide 2014<\/a><\/li>\n<li><img loading=\"lazy\" decoding=\"async\" src=\"https:\/\/www.gaphrsm.ca\/images\/elements_graphiques\/doc_pdf.jpg\" alt=\"Document PDF\" width=\"16\" height=\"16\" \/>\u00a0<a href=\"https:\/\/www.gaphrsm.ca\/documents\/Documentation\/Guide_Accessibilite_universelle_communication_2014.pdf\" target=\"_blank\" rel=\"noopener\">AlterGO - Accessibilit\u00e9 universelle des outils de communications, guide 2014<\/a><\/li>\n<li><img loading=\"lazy\" decoding=\"async\" src=\"https:\/\/www.gaphrsm.ca\/images\/elements_graphiques\/doc_word.jpg\" alt=\"Document Word\" width=\"16\" height=\"16\" \/>\u00a0<a href=\"https:\/\/www.gaphrsm.ca\/documents\/20110513AccessibiliteUniverselle.doc\" target=\"_blank\" rel=\"noopener\">L'accessibilit\u00e9 universelle, groupe d\u00e9fi, apprentissage<\/a><\/li>\n<li><a title=\"Charte des droits et libert\u00e9s\" href=\"https:\/\/gaphrsm.ca\/lecteur\/wp-content\/uploads\/2018\/01\/Charte_droits_libertes_de_la_personne1.htm\" target=\"_blank\" rel=\"noopener\"><img decoding=\"async\" src=\"https:\/\/www.gaphrsm.ca\/images\/13_Elements_graphiques\/nouvelle-fenetre.png\" alt=\"Cet hyperlien s\u2019ouvrira dans une nouvelle fen\u00eatre.\" \/>La Charte des droits et libert\u00e9s<\/a>\u00a0<a title=\"Charte des droits et libert\u00e9s\" href=\"https:\/\/gaphrsm.ca\/lecteur\/wp-content\/uploads\/2018\/01\/Charte_droits_libertes_de_la_personne1.htm\" target=\"_blank\" rel=\"noopener\"><span id=\"NoteLien\">: Lien vers un document html<\/span><\/a><\/li>\n<li><img loading=\"lazy\" decoding=\"async\" src=\"https:\/\/www.gaphrsm.ca\/images\/elements_graphiques\/doc_word.jpg\" alt=\"Document Word\" width=\"16\" height=\"16\" \/>\u00a0<a title=\"D\u00e9claration des personnes en situation de handicap et des familles pour l'acc\u00e8s aux services sociaux et de sant\u00e9\" href=\"https:\/\/www.gaphrsm.ca\/documents\/Documentation\/Declaration-de-droits-actualisee.doc\" target=\"_blank\" rel=\"noopener\">D\u00e9claration de droits<\/a><\/li>\n<li><img loading=\"lazy\" decoding=\"async\" src=\"https:\/\/www.gaphrsm.ca\/images\/elements_graphiques\/doc_word.jpg\" alt=\"Document Word\" width=\"16\" height=\"16\" \/>\u00a0<a title=\"Lien menant au d\u00e9pliant d'examen des plaintes\" href=\"https:\/\/www.gaphrsm.ca\/documents\/Documentation\/20111108DepliantExamenPlaintes.doc\" target=\"_blank\" rel=\"noopener\">D\u00e9pliant d'examen des plaintes<\/a><\/li>\n<li><img loading=\"lazy\" decoding=\"async\" src=\"https:\/\/www.gaphrsm.ca\/images\/elements_graphiques\/doc_word.jpg\" alt=\"Document Word\" width=\"16\" height=\"16\" \/>\u00a0<a title=\"D\u00e9pliant patrouille\" href=\"https:\/\/www.gaphrsm.ca\/documents\/Documentation\/Depliant_patrouille.doc\" target=\"_blank\" rel=\"noopener\">D\u00e9pliant patrouille<\/a><\/li>\n<li><img loading=\"lazy\" decoding=\"async\" src=\"https:\/\/www.gaphrsm.ca\/images\/elements_graphiques\/doc_word.jpg\" alt=\"Document Word\" width=\"16\" height=\"16\" \/>\u00a0<a title=\"L'exercice des droits, un projet de soci\u00e9t\u00e9?\" href=\"https:\/\/www.gaphrsm.ca\/documents\/Documentation\/20120109droits.docm\" target=\"_blank\" rel=\"noopener\">L'exercice des droits, un projet de soci\u00e9t\u00e9?<\/a><\/li>\n<li><img loading=\"lazy\" decoding=\"async\" src=\"https:\/\/www.gaphrsm.ca\/images\/elements_graphiques\/doc_pdf.jpg\" alt=\"Document PDF\" width=\"16\" height=\"16\" \/>\u00a0<a title=\"Guide du loisir accessible\" href=\"https:\/\/www.gaphrsm.ca\/documents\/Documentation\/20110615GuideLoisirAccessible_web.pdf\" target=\"_blank\" rel=\"noopener\">Guide des loisirs accessibles dans la r\u00e9gion du Haut-Richelieu<\/a><\/li>\n<li><img loading=\"lazy\" decoding=\"async\" src=\"https:\/\/www.gaphrsm.ca\/images\/elements_graphiques\/doc_word.jpg\" alt=\"Document Word\" width=\"16\" height=\"16\" \/>\u00a0<a href=\"https:\/\/www.gaphrsm.ca\/documents\/Valeurs\/Politique_A_part_entiere.doc\" target=\"_blank\" rel=\"noopener\">La politique \u00e0 part enti\u00e8re<\/a><\/li>\n<li><img loading=\"lazy\" decoding=\"async\" src=\"https:\/\/www.gaphrsm.ca\/images\/elements_graphiques\/doc_word.jpg\" alt=\"Document Word\" width=\"16\" height=\"16\" \/>\u00a0<a title=\"Lien menant au pr\u00eat d'aides visuelles, principes et orientations\" href=\"https:\/\/www.gaphrsm.ca\/documents\/Documentation\/20111108PretAideVisuellePrincipesOrientations.doc\" target=\"_blank\" rel=\"noopener\">Pr\u00eat d'aides visuelles<\/a><\/li>\n<li><img loading=\"lazy\" decoding=\"async\" src=\"https:\/\/www.gaphrsm.ca\/images\/elements_graphiques\/doc_word.jpg\" alt=\"Document Word\" width=\"16\" height=\"16\" \/>\u00a0<a href=\"https:\/\/www.gaphrsm.ca\/documents\/Valeurs\/definitionPPH.doc\" target=\"_blank\" rel=\"noopener\">Le processus de production du handicap<\/a><\/li>\n<li><img loading=\"lazy\" decoding=\"async\" src=\"https:\/\/www.gaphrsm.ca\/images\/elements_graphiques\/doc_word.jpg\" alt=\"Document Word\" width=\"16\" height=\"16\" \/>\u00a0<a title=\"lien menant vers l'activit\u00e9 de mars 2012 pour les fr\u00e8res et soeurs\" href=\"https:\/\/www.gaphrsm.ca\/documents\/Documentation\/20111212AratedFratrie2.doc\" target=\"_blank\" rel=\"noopener\">Projet fratrie de l'ARATED-M:Un projet de familiarisation des TED pour les fr\u00e8res et soeurs<\/a><\/li>\n<li><img loading=\"lazy\" decoding=\"async\" src=\"https:\/\/www.gaphrsm.ca\/images\/elements_graphiques\/doc_word.jpg\" alt=\"Document Word\" width=\"16\" height=\"16\" \/>\u00a0<a title=\"document 168 pages sur les programmes d aide\" href=\"https:\/\/www.gaphrsm.ca\/documents\/Documentation\/20120210reglementProgrammeAide.doc\" target=\"_blank\" rel=\"noopener\">Publication sur les programmes d aide aux personnes handicapees et leurs familles<\/a><\/li>\n<li><img loading=\"lazy\" decoding=\"async\" src=\"https:\/\/www.gaphrsm.ca\/images\/elements_graphiques\/doc_word.jpg\" alt=\"Document Word\" width=\"16\" height=\"16\" \/>\u00a0<a href=\"https:\/\/www.gaphrsm.ca\/documents\/associations_membre\/REGLEMENTS_GENERAUX.doc\" target=\"_blank\" rel=\"noopener\">R\u00e9glements g\u00e9n\u00e9raux<\/a><\/li>\n<\/ul>\n<\/div>\n<\/div><\/div><\/div><\/div><\/div>","protected":false},"excerpt":{"rendered":"<p>Nouvelles et communiqu\u00e9s Dossiers sp\u00e9ciales Documentation Archives 2011-2015 \u00a0AlterGO &#8211; Accessibilit\u00e9 universelle des outils de communications, guide 2014 \u00a0AlterGO &#8211; Accessibilit\u00e9 universelle des outils de communications, guide 2014 \u00a0L&rsquo;accessibilit\u00e9 universelle, groupe d\u00e9fi, apprentissage La Charte des droits et libert\u00e9s\u00a0: Lien vers un document html \u00a0D\u00e9claration de droits \u00a0D\u00e9pliant d&rsquo;examen des plaintes \u00a0D\u00e9pliant patrouille \u00a0L&rsquo;exercice des&hellip; <\/p>\n<p class=\"simppeli-read-more\"><a href=\"https:\/\/www.gaphrsm.ca\/lecteur\/documentation\/\" class=\"more-link\">Continue reading <span class=\"screen-reader-text\">Documentation<\/span> <span class=\"meta-nav\">&rarr;<\/span><\/a><\/p>\n","protected":false},"author":1,"featured_media":0,"parent":0,"menu_order":0,"comment_status":"closed","ping_status":"closed","template":"","meta":{"footnotes":""},"class_list":["post-489","page","type-page","status-publish","hentry"],"_links":{"self":[{"href":"https:\/\/www.gaphrsm.ca\/lecteur\/wp-json\/wp\/v2\/pages\/489","targetHints":{"allow":["GET"]}}],"collection":[{"href":"https:\/\/www.gaphrsm.ca\/lecteur\/wp-json\/wp\/v2\/pages"}],"about":[{"href":"https:\/\/www.gaphrsm.ca\/lecteur\/wp-json\/wp\/v2\/types\/page"}],"author":[{"embeddable":true,"href":"https:\/\/www.gaphrsm.ca\/lecteur\/wp-json\/wp\/v2\/users\/1"}],"replies":[{"embeddable":true,"href":"https:\/\/www.gaphrsm.ca\/lecteur\/wp-json\/wp\/v2\/comments?post=489"}],"version-history":[{"count":15,"href":"https:\/\/www.gaphrsm.ca\/lecteur\/wp-json\/wp\/v2\/pages\/489\/revisions"}],"predecessor-version":[{"id":1060,"href":"https:\/\/www.gaphrsm.ca\/lecteur\/wp-json\/wp\/v2\/pages\/489\/revisions\/1060"}],"wp:attachment":[{"href":"https:\/\/www.gaphrsm.ca\/lecteur\/wp-json\/wp\/v2\/media?parent=489"}],"curies":[{"name":"wp","href":"https:\/\/api.w.org\/{rel}","templated":true}]}}