{"id":534,"date":"2018-01-29T19:56:28","date_gmt":"2018-01-29T19:56:28","guid":{"rendered":"https:\/\/gaphrsm.ca\/lecteur\/?page_id=534"},"modified":"2025-09-30T17:22:28","modified_gmt":"2025-09-30T17:22:28","slug":"enjeux-municipaux","status":"publish","type":"page","link":"https:\/\/www.gaphrsm.ca\/lecteur\/enjeux-municipaux\/","title":{"rendered":"Enjeux municipaux"},"content":{"rendered":"<div id=\"pl-534\"  class=\"panel-layout\" ><div id=\"pg-534-0\"  class=\"panel-grid panel-no-style\" ><div id=\"pgc-534-0-0\"  class=\"panel-grid-cell\" ><div id=\"panel-534-0-0-0\" class=\"so-panel widget widget_sow-editor panel-first-child\" data-index=\"0\" ><div\n\t\t\t\n\t\t\tclass=\"so-widget-sow-editor so-widget-sow-editor-base\"\n\t\t\t\n\t\t>\n<div class=\"siteorigin-widget-tinymce textwidget\">\n\t<ul id=\"menu-nos-principales-activites\" class=\"dropdown-menu sf-menu sf-js-enabled\">\n<li class=\"menu-item menu-item-type-post_type menu-item-object-page current-menu-item page_item page-item-121 current_page_item menu-item-531\" aria-current=\"true\"><a class=\"menu-link\" href=\"https:\/\/gaphrsm.ca\/lecteur\/nos-principales-activites\/\">Nos principales activit\u00e9s<\/a><span class=\"screen-reader-text\">(current)<\/span><span class=\"screen-reader-text\">(current)<\/span><\/li>\n<li class=\"menu-item menu-item-type-post_type menu-item-object-page menu-item-566\"><a class=\"menu-link\" href=\"https:\/\/gaphrsm.ca\/lecteur\/enjeux-municipaux\/\">Enjeux municipaux<\/a><\/li>\n<li class=\"menu-item menu-item-type-post_type menu-item-object-page menu-item-565\"><a class=\"menu-link\" href=\"https:\/\/gaphrsm.ca\/lecteur\/soutien-a-la-personne\/\">Soutien \u00e0 la personne<\/a><\/li>\n<li class=\"menu-item menu-item-type-post_type menu-item-object-page menu-item-564\"><a class=\"menu-link\" href=\"https:\/\/gaphrsm.ca\/lecteur\/soutien-a-la-famille\/\">Soutien \u00e0 la famille<\/a><\/li>\n<li class=\"menu-item menu-item-type-post_type menu-item-object-page menu-item-563\"><a class=\"menu-link\" href=\"https:\/\/gaphrsm.ca\/lecteur\/sensibilisation-education-populaire\/\">Sensibilisation \u00e9ducation populaire<\/a><\/li>\n<li class=\"menu-item menu-item-type-post_type menu-item-object-page menu-item-562\"><a class=\"menu-link\" href=\"https:\/\/gaphrsm.ca\/lecteur\/soutien-et-formations-aux-membres\/\">SOUTIEN ET FORMATIONS AUX MEMBRES<\/a><\/li>\n<li class=\"menu-item menu-item-type-post_type menu-item-object-page menu-item-561\"><a class=\"menu-link\" href=\"https:\/\/gaphrsm.ca\/lecteur\/section-membres\/\">SECTION MEMBRES<\/a><\/li>\n<\/ul>\n<\/div>\n<\/div><\/div><div id=\"panel-534-0-0-1\" class=\"so-panel widget widget_sow-accordion panel-last-child\" data-index=\"1\" ><div\n\t\t\t\n\t\t\tclass=\"so-widget-sow-accordion so-widget-sow-accordion-default-43c5bc7a2162-534\"\n\t\t\t\n\t\t><div>\n\t<div class=\"sow-accordion\">\n\t\t\t<div class=\"sow-accordion-panel\n\t\t\t\t\"\n\t\t\tdata-anchor-id=\"plan-daction-des-villes\">\n\t\t\t\t<div class=\"sow-accordion-panel-header-container\" role=\"heading\" aria-level=\"2\">\n\t\t\t\t\t<div class=\"sow-accordion-panel-header\" tabindex=\"0\" role=\"button\" id=\"accordion-label-plan-daction-des-villes\" aria-controls=\"accordion-content-plan-daction-des-villes\" aria-expanded=\"false\">\n\t\t\t\t\t\t<div class=\"sow-accordion-title sow-accordion-title-icon-left\">\n\t\t\t\t\t\t\t\t\t\t\t\t\t\t<h2>Plan d'action des villes<\/h2>\t\t\t\t\t\t\t\t\t\t\t\t\t<\/div>\n\t\t\t\t\t\t<div class=\"sow-accordion-open-close-button\">\n\t\t\t\t\t\t\t<div class=\"sow-accordion-open-button\">\n\t\t\t\t\t\t\t\t<span class=\"sow-icon-ionicons\" data-sow-icon=\"&#xf218;\"\n\t\t \n\t\taria-hidden=\"true\"><\/span>\t\t\t\t\t\t\t<\/div>\n\t\t\t\t\t\t\t<div class=\"sow-accordion-close-button\">\n\t\t\t\t\t\t\t\t<span class=\"sow-icon-ionicons\" data-sow-icon=\"&#xf209;\"\n\t\t \n\t\taria-hidden=\"true\"><\/span>\t\t\t\t\t\t\t<\/div>\n\t\t\t\t\t\t<\/div>\n\t\t\t\t\t<\/div>\n\t\t\t\t<\/div>\n\n\t\t\t<div\n\t\t\t\tclass=\"sow-accordion-panel-content\"\n\t\t\t\trole=\"region\"\n\t\t\t\taria-labelledby=\"accordion-label-plan-daction-des-villes\"\n\t\t\t\tid=\"accordion-content-plan-daction-des-villes\"\n\t\t\t\tstyle=\"display: none;\"\t\t\t>\n\t\t\t\t<div class=\"sow-accordion-panel-border\">\n\t\t\t\t\t<p><strong>Plans d'actions<\/strong><\/p>\n<p>Le GAPHRSM compte sur son territoire 22 municipalit\u00e9s de plus de 10 000 habitants assujetties \u00e0 la loi et doivent pr\u00e9senter annuellement un plan d'action \u00e0 l'\u00e9gard de leurs citoyens handicap\u00e9s.<\/p>\n<p>Ces municipalit\u00e9s sont :<\/p>\n<ul>\n<li>Beloeil;<\/li>\n<li>Boucherville;<\/li>\n<li>Brossard;<\/li>\n<li>Candiac;<\/li>\n<li>Carignan;<\/li>\n<li>Chambly;<\/li>\n<li>Ch\u00e2teauguay;<\/li>\n<li>Contrec\u0153ur;<\/li>\n<li>La Prairie;<\/li>\n<li>Longueuil;<\/li>\n<li>Marieville;<\/li>\n<li>Mercier;<\/li>\n<li>Mont-Saint-Hilaire;<\/li>\n<li>Saint-Amable;<\/li>\n<li>Saint-Basile-Le-Grand;<\/li>\n<li>Saint-Bruno de Montarville;<\/li>\n<li>Saint-Constant;<\/li>\n<li>Saint-Jean-sur-Richelieu;<\/li>\n<li>Saint-Lambert;<\/li>\n<li>Sainte-Catherine;<\/li>\n<li>Sainte-Julie;<\/li>\n<li>Varennes.<\/li>\n<\/ul>\n<p>Pour consulter les plans d'actions \u00e0 jour, nous vous invitons \u00e0 visiter le site Internet de l'OPHQ, organisme responsable du soutien-conseil et de l'analyse des plans d'action des municipalit\u00e9s :<\/p>\n<p><strong><a href=\"https:\/\/www.ophq.gouv.qc.ca\/fr\/plans-daction\/municipalites-assujetties-a-larticle-611-de-la-loi.html\">https:\/\/www.ophq.gouv.qc.ca\/fr\/plans-daction\/municipalites-assujetties-a-larticle-611-de-la-loi.html<\/a><\/strong><\/p>\n<p>Prenez note que les plan d'actions sont en format PDF et ne sont pas toujours accessibles pour des utilisateurs de logiciels de revue d'\u00e9cran. Le GAPHRSM fait des interventions pour que les municipalit\u00e9s offrent leurs documents en formats accessibles. Il faut parfois communiquer avec sa municipalit\u00e9. Tout commentaire de votre part peut nous \u00eatre transmis.<\/p>\n<p><strong>Formation ACCES+ | Pour une municipalit\u00e9 plus accessible :\u00a0<\/strong>Formation virtuelle visant \u00e0 am\u00e9liorer les pratiques des \u00e9lus et fonctionnaires municipaux en mati\u00e8re d\u2019accessibilit\u00e9.<\/p>\n<p><a href=\"https:\/\/www.gaphrsm.ca\/webFormation\/inscription.html\">https:\/\/www.gaphrsm.ca\/webFormation\/inscription.html<\/a><\/p>\n<p><strong>\u00a0<\/strong><\/p>\n<p><strong>Plateforme de revendications sur les enjeux municipaux<\/strong><\/p>\n<p><img loading=\"lazy\" decoding=\"async\" src=\"https:\/\/www.gaphrsm.ca\/images\/elements_graphiques\/doc_pdf.jpg\" alt=\"Document PDF\" width=\"16\" height=\"16\" \/>\u00a0<a href=\"https:\/\/gaphrsm.ca\/documents\/Documentation\/plateforme-et-modele-PAU-VF-nov2014.pdf\">Plateforme et mod\u00e8le<\/a><\/p>\n<p><strong>Loi assurant l'exercice des droits des personnes handicap\u00e9es en vue de leur int\u00e9gration scolaire, professionnelle et sociale (article 61.1)<\/strong><\/p>\n<p><a title=\"lien menant \u00e0 la Loi assurant l'exercice des droits des personnes handicap\u00e9es en vue de leur int\u00e9gration scolaire, professionnelle et sociale\" href=\"https:\/\/www.legisquebec.gouv.qc.ca\/fr\/document\/lc\/e-20.1\">Plus de d\u00e9tails \u00bb<\/a><\/p>\n\t\t\t\t<\/div>\n\t\t\t<\/div>\n\t\t<\/div>\n\t\t\t<div class=\"sow-accordion-panel\n\t\t\t\t\"\n\t\t\tdata-anchor-id=\"transport-collectif\">\n\t\t\t\t<div class=\"sow-accordion-panel-header-container\" role=\"heading\" aria-level=\"2\">\n\t\t\t\t\t<div class=\"sow-accordion-panel-header\" tabindex=\"0\" role=\"button\" id=\"accordion-label-transport-collectif\" aria-controls=\"accordion-content-transport-collectif\" aria-expanded=\"false\">\n\t\t\t\t\t\t<div class=\"sow-accordion-title sow-accordion-title-icon-left\">\n\t\t\t\t\t\t\t\t\t\t\t\t\t\t<h2>Transport collectif<\/h2>\t\t\t\t\t\t\t\t\t\t\t\t\t<\/div>\n\t\t\t\t\t\t<div class=\"sow-accordion-open-close-button\">\n\t\t\t\t\t\t\t<div class=\"sow-accordion-open-button\">\n\t\t\t\t\t\t\t\t<span class=\"sow-icon-ionicons\" data-sow-icon=\"&#xf218;\"\n\t\t \n\t\taria-hidden=\"true\"><\/span>\t\t\t\t\t\t\t<\/div>\n\t\t\t\t\t\t\t<div class=\"sow-accordion-close-button\">\n\t\t\t\t\t\t\t\t<span class=\"sow-icon-ionicons\" data-sow-icon=\"&#xf209;\"\n\t\t \n\t\taria-hidden=\"true\"><\/span>\t\t\t\t\t\t\t<\/div>\n\t\t\t\t\t\t<\/div>\n\t\t\t\t\t<\/div>\n\t\t\t\t<\/div>\n\n\t\t\t<div\n\t\t\t\tclass=\"sow-accordion-panel-content\"\n\t\t\t\trole=\"region\"\n\t\t\t\taria-labelledby=\"accordion-label-transport-collectif\"\n\t\t\t\tid=\"accordion-content-transport-collectif\"\n\t\t\t\tstyle=\"display: none;\"\t\t\t>\n\t\t\t\t<div class=\"sow-accordion-panel-border\">\n\t\t\t\t\t<h3>Outils de r\u00e9f\u00e9rences\u00a0:<\/h3>\n<ul>\n<li id=\"ctl00_PlaceHolderMain_empEntete_EnteteH1\">Programme de soutien au transport adapt\u00e9 : <a class=\"extlink https\" href=\"https:\/\/www.quebec.ca\/transports\/aide-financiere\/mobilite-reduite\/transport-adapte\">https:\/\/www.quebec.ca\/transports\/aide-financiere\/mobilite-reduite\/transport-adapte<\/a><\/li>\n<li><img loading=\"lazy\" decoding=\"async\" src=\"https:\/\/gaphrsm.ca\/images\/elements_graphiques\/doc_word.jpg\" alt=\"Document Word\" width=\"16\" height=\"16\" \/>\u00a0<a title=\"Guide MTQ accessibilit\u00e9 universelle en transport\" href=\"https:\/\/gaphrsm.ca\/documents\/Documentation\/guide-MTQ-accessibilite-universelle-en-transport.doc\" target=\"_blank\" rel=\"noopener\">Guide MTQ accessibilit\u00e9 universelle en transport<\/a><\/li>\n<li><img loading=\"lazy\" decoding=\"async\" src=\"https:\/\/gaphrsm.ca\/images\/elements_graphiques\/doc_word.jpg\" alt=\"Document Word\" width=\"16\" height=\"16\" \/>\u00a0<a title=\"Politique d\u2019admissibilit\u00e9 au transport adapt\u00e9\" href=\"https:\/\/gaphrsm.ca\/documents\/Documentation\/politique-admissibilite-en-transport-adapte.doc\" target=\"_blank\" rel=\"noopener\">Politique d\u2019admissibilit\u00e9 au transport adapt\u00e9<\/a><\/li>\n<li><img loading=\"lazy\" decoding=\"async\" src=\"https:\/\/gaphrsm.ca\/images\/elements_graphiques\/doc_pdf.jpg\" alt=\"Document PDF\" width=\"16\" height=\"16\" \/>\u00a0<a href=\"https:\/\/gaphrsm.ca\/cgi-cs\/cs.waframe.content?click=124626&amp;lang=1\" target=\"_blank\" rel=\"noopener\">Vers l'accessibilit\u00e9 universelle du transport collectif<\/a><\/li>\n<li>Mobilite pour tous - 11 avril 2018 :\n<ul>\n<li><img loading=\"lazy\" decoding=\"async\" src=\"https:\/\/www.gaphrsm.ca\/images\/elements_graphiques\/doc_ppt.jpg\" alt=\"Document Powerpoint\" width=\"16\" height=\"16\" \/> <a href=\"\/wp-content\/uploads\/2018\/09\/Mobilite-pour-tous-11-avril-2018.pptx\" target=\"_blank\" rel=\"noopener\">T\u00e9l\u00e9charger le document PowerPoint<\/a><\/li>\n<li><img loading=\"lazy\" decoding=\"async\" src=\"https:\/\/www.gaphrsm.ca\/images\/elements_graphiques\/doc_word.jpg\" alt=\"Document Word\" width=\"16\" height=\"16\" \/> <a href=\"https:\/\/www.gaphrsm.ca\/wp-content\/uploads\/2018\/09\/PPT-Word-\u00abLa-mobilit\u00e9-pour-tous\u00bb.docx\" target=\"_blank\" rel=\"noopener\">T\u00e9l\u00e9charger le document Word<\/a><\/li>\n<\/ul>\n<\/li>\n<li>Mobilit\u00e9 pour tous rapport des discussions tenues en atelier :\n<ul>\n<li><img loading=\"lazy\" decoding=\"async\" src=\"https:\/\/www.gaphrsm.ca\/images\/elements_graphiques\/doc_word.jpg\" alt=\"Document Word\" width=\"16\" height=\"16\" \/> <a href=\"https:\/\/www.gaphrsm.ca\/wp-content\/uploads\/2018\/09\/Mobilit\u00e9-pour-tous-rapport-des-discussions-tenues-en-atelier.docx\" target=\"_blank\" rel=\"noopener\">T\u00e9l\u00e9charger le document Word<\/a><\/li>\n<li><img loading=\"lazy\" decoding=\"async\" src=\"https:\/\/www.gaphrsm.ca\/images\/elements_graphiques\/doc_pdf.jpg\" alt=\"Document PDF\" width=\"16\" height=\"16\" \/> <a href=\"https:\/\/www.gaphrsm.ca\/wp-content\/uploads\/2018\/09\/Mobilit\u00e9-pour-tous-rapport-des-discussions-tenues-en-atelier.pdf\" target=\"_blank\" rel=\"noopener\">T\u00e9l\u00e9charger le document PDF<\/a><\/li>\n<\/ul>\n<\/li>\n<\/ul>\n<p>Pour information sur le transport adapt\u00e9 et accessible, vous pouvez contacter l'Association des Usagers du Transport Adapt\u00e9 de Longueuil<\/p>\n<p>T\u00e9l\u00e9phone\u00a0:<strong> (450) 646-2224<\/strong><br \/>\nCourriel : <a href=\"mailto:info@autal.org\"><strong>info@autal.org<\/strong><\/a><\/p>\n\t\t\t\t<\/div>\n\t\t\t<\/div>\n\t\t<\/div>\n\t\t\t<div class=\"sow-accordion-panel\n\t\t\t\t\"\n\t\t\tdata-anchor-id=\"laccessibilite-universelle\">\n\t\t\t\t<div class=\"sow-accordion-panel-header-container\" role=\"heading\" aria-level=\"2\">\n\t\t\t\t\t<div class=\"sow-accordion-panel-header\" tabindex=\"0\" role=\"button\" id=\"accordion-label-laccessibilit%c3%a9-universelle\" aria-controls=\"accordion-content-laccessibilit%c3%a9-universelle\" aria-expanded=\"false\">\n\t\t\t\t\t\t<div class=\"sow-accordion-title sow-accordion-title-icon-left\">\n\t\t\t\t\t\t\t\t\t\t\t\t\t\t<h2>L'accessibilit\u00e9 universelle<\/h2>\t\t\t\t\t\t\t\t\t\t\t\t\t<\/div>\n\t\t\t\t\t\t<div class=\"sow-accordion-open-close-button\">\n\t\t\t\t\t\t\t<div class=\"sow-accordion-open-button\">\n\t\t\t\t\t\t\t\t<span class=\"sow-icon-ionicons\" data-sow-icon=\"&#xf218;\"\n\t\t \n\t\taria-hidden=\"true\"><\/span>\t\t\t\t\t\t\t<\/div>\n\t\t\t\t\t\t\t<div class=\"sow-accordion-close-button\">\n\t\t\t\t\t\t\t\t<span class=\"sow-icon-ionicons\" data-sow-icon=\"&#xf209;\"\n\t\t \n\t\taria-hidden=\"true\"><\/span>\t\t\t\t\t\t\t<\/div>\n\t\t\t\t\t\t<\/div>\n\t\t\t\t\t<\/div>\n\t\t\t\t<\/div>\n\n\t\t\t<div\n\t\t\t\tclass=\"sow-accordion-panel-content\"\n\t\t\t\trole=\"region\"\n\t\t\t\taria-labelledby=\"accordion-label-laccessibilit%c3%a9-universelle\"\n\t\t\t\tid=\"accordion-content-laccessibilit%c3%a9-universelle\"\n\t\t\t\tstyle=\"display: none;\"\t\t\t>\n\t\t\t\t<div class=\"sow-accordion-panel-border\">\n\t\t\t\t\t<h3>D\u00e9finition<\/h3>\n<p>L'accessibilit\u00e9 universelle est la caract\u00e9ristique d'un produit, proc\u00e9d\u00e9, service, information ou environnement qui, dans un but d'\u00e9quit\u00e9 et dans une approche inclusive, permet \u00e0 toute personne de r\u00e9aliser des activit\u00e9s de fa\u00e7on autonome et d'obtenir des r\u00e9sultats identiques (Inspir\u00e9e du Groupe D\u00e9fi Accessibilit\u00e9, 2011).<br \/><em>Source\u00a0: site internet de la Soci\u00e9t\u00e9 Logique, 19\/03\/2012<\/em><\/p>\n<p><a href=\"https:\/\/www.societelogique.org\/\" target=\"_blank\" rel=\"noopener\">https:\/\/www.societelogique.org\/<img decoding=\"async\" src=\"https:\/\/gaphrsm.ca\/images\/13_Elements_graphiques\/nouvelle-fenetre.png\" alt=\"Cet hyperlien s\u2019ouvrira dans une nouvelle fen\u00eatre.\" \/><\/a><\/p>\n<h3>Documents et guides techniques\u00a0<\/h3>\n<p>\u00c0 d\u00e9faut d'avoir un guide sur les normes d'accessibilit\u00e9 universelle, le site internet services accessibles de l'Office des Personnes Handicap\u00e9es du qu\u00e9bec permet de r\u00e9unir les documents et les guides techniques relatifs aux standards d'accessibilit\u00e9 universelle selon les d\u00e9ficiences et les domaines d'action.\u00a0\u00a0<\/p>\n<ol>\n<li><strong>Guides sur l'accessibilit\u00e9 universelle et sur le parcours sans obstacle.<\/strong><br \/><a href=\"https:\/\/www.formation.ophq.gouv.qc.ca\/comment\/favorisezlaccas\/environnements\/amenagement-des-lieux-frequentes-par-le-public.html\" target=\"_blank\" rel=\"noopener\">https:\/\/www.formation.ophq.gouv.qc.ca\/comment\/favorisezlaccas\/environnements\/amenagement-des-lieux-frequentes-par-le-public.html<img decoding=\"async\" src=\"https:\/\/gaphrsm.ca\/images\/13_Elements_graphiques\/nouvelle-fenetre.png\" alt=\"Cet hyperlien s\u2019ouvrira dans une nouvelle fen\u00eatre.\" \/><\/a><br \/>\u00a0<\/li>\n<li><strong>Signalisation et affichage de renseignements<\/strong><br \/><a href=\"https:\/\/www.formation.ophq.gouv.qc.ca\/comment\/favorisezlaccas\/environnements\/signalisation-et-affichage-de-renseignements.html\" target=\"_blank\" rel=\"noopener\">https:\/\/www.formation.ophq.gouv.qc.ca\/comment\/favorisezlaccas\/environnements\/signalisation-et-affichage-de-renseignements.html<img decoding=\"async\" src=\"https:\/\/gaphrsm.ca\/images\/13_Elements_graphiques\/nouvelle-fenetre.png\" alt=\"Cet hyperlien s\u2019ouvrira dans une nouvelle fen\u00eatre.\" \/><\/a><\/li>\n<\/ol>\n<h3>Des r\u00e9f\u00e9rences<\/h3>\n<p><img loading=\"lazy\" decoding=\"async\" src=\"https:\/\/gaphrsm.ca\/images\/elements_graphiques\/doc_word.jpg\" alt=\"Document Word\" width=\"16\" height=\"16\" \/>\u00a0<a href=\"https:\/\/gaphrsm.ca\/documents\/Documentation\/20130924_Guide_elections_accessibles-cc.doc\" target=\"_blank\" rel=\"noopener\">Guide pour une plus grande accessibilit\u00e9 aux \u00e9lections municipales <img decoding=\"async\" src=\"https:\/\/gaphrsm.ca\/images\/13_Elements_graphiques\/nouvelle-fenetre.png\" alt=\"Cet hyperlien s\u2019ouvrira dans une nouvelle fen\u00eatre.\" \/><br \/><\/a><img loading=\"lazy\" decoding=\"async\" src=\"https:\/\/gaphrsm.ca\/images\/elements_graphiques\/doc_word.jpg\" alt=\"Document Word\" width=\"16\" height=\"16\" \/>\u00a0<a href=\"https:\/\/gaphrsm.ca\/documents\/Documentation\/AlterGo_GRILLE_AU_finale_2013.docx\" target=\"_blank\" rel=\"noopener\">AlterGO - Accessibilit\u00e9 universelle des \u00e9v\u00e9nements - Grille d'\u00e9valuation 2013<img decoding=\"async\" src=\"https:\/\/gaphrsm.ca\/images\/13_Elements_graphiques\/nouvelle-fenetre.png\" alt=\"Cet hyperlien s\u2019ouvrira dans une nouvelle fen\u00eatre.\" \/><br \/><\/a><img loading=\"lazy\" decoding=\"async\" src=\"https:\/\/gaphrsm.ca\/images\/elements_graphiques\/doc_pdf.jpg\" alt=\"Document PDF\" width=\"16\" height=\"16\" \/>\u00a0<a href=\"https:\/\/gaphrsm.ca\/documents\/Documentation\/AlterGo_GRILLE_AU_finale_2013.pdf\">AlterGO - Accessibilit\u00e9 universelle des \u00e9v\u00e9nements - Grille d'\u00e9valuation 2013<img decoding=\"async\" src=\"https:\/\/gaphrsm.ca\/images\/13_Elements_graphiques\/nouvelle-fenetre.png\" alt=\"Cet hyperlien s\u2019ouvrira dans une nouvelle fen\u00eatre.\" \/><\/a><\/p>\n<h3>Nos interventions<\/h3>\n<p>Plate-forme de revendications du GAPHRSM<\/p>\n<p><a title=\"Plate-forme de revendications du GAPHRSM\" href=\"https:\/\/gaphrsm.ca\/documents\/dossier_de_travail\/plateforme-de-revendications-2014-2015.docx\"><img loading=\"lazy\" decoding=\"async\" src=\"https:\/\/gaphrsm.ca\/images\/elements_graphiques\/doc_pdf.jpg\" alt=\"Document PDF\" width=\"16\" height=\"16\" \/>\u00a0version pdf<\/a>\u00a0 <a title=\"Plate-forme de revendications du GAPHRSM\" href=\"https:\/\/gaphrsm.ca\/documents\/dossier_de_travail\/plate-forme-de-revendications_document-de-travail.docx\"><img loading=\"lazy\" decoding=\"async\" src=\"https:\/\/gaphrsm.ca\/images\/elements_graphiques\/doc_word.jpg\" alt=\"Document Word\" width=\"16\" height=\"16\" \/>\u00a0version Words<\/a>\u00a0<\/p>\n<p>Mod\u00e8les de politique en accessibilit\u00e9 universelle \u00e0 l'intention des municipalit\u00e9s<\/p>\n<p><a title=\"Mod\u00e8les de politique en accessibilit\u00e9 universelle \u00e0 l'intention des municipalit\u00e9s \" href=\"https:\/\/gaphrsm.ca\/documents\/dossier_de_travail\/Modele-politique-d-accessibilite-universelle-standard_version-4-juin-2014.pdf\"><img loading=\"lazy\" decoding=\"async\" src=\"https:\/\/gaphrsm.ca\/images\/elements_graphiques\/doc_pdf.jpg\" alt=\"Document PDF\" width=\"16\" height=\"16\" \/>\u00a0version pdf<\/a>\u00a0 <a title=\"Mod\u00e8les de politique en accessibilit\u00e9 universelle \u00e0 l'intention des municipalit\u00e9s \" href=\"https:\/\/gaphrsm.ca\/documents\/dossier_de_travail\/Modele-politique-d-accessibilite-universelle-standard_version-4%20juin-2014.docx\"><img loading=\"lazy\" decoding=\"async\" src=\"https:\/\/gaphrsm.ca\/images\/elements_graphiques\/doc_word.jpg\" alt=\"Document Word\" width=\"16\" height=\"16\" \/>\u00a0version Words<\/a><\/p>\n\t\t\t\t<\/div>\n\t\t\t<\/div>\n\t\t<\/div>\n\t\t\t<div class=\"sow-accordion-panel\n\t\t\t\t\"\n\t\t\tdata-anchor-id=\"loisirs\">\n\t\t\t\t<div class=\"sow-accordion-panel-header-container\" role=\"heading\" aria-level=\"2\">\n\t\t\t\t\t<div class=\"sow-accordion-panel-header\" tabindex=\"0\" role=\"button\" id=\"accordion-label-loisirs\" aria-controls=\"accordion-content-loisirs\" aria-expanded=\"false\">\n\t\t\t\t\t\t<div class=\"sow-accordion-title sow-accordion-title-icon-left\">\n\t\t\t\t\t\t\t\t\t\t\t\t\t\t<h2>Loisirs<\/h2>\t\t\t\t\t\t\t\t\t\t\t\t\t<\/div>\n\t\t\t\t\t\t<div class=\"sow-accordion-open-close-button\">\n\t\t\t\t\t\t\t<div class=\"sow-accordion-open-button\">\n\t\t\t\t\t\t\t\t<span class=\"sow-icon-ionicons\" data-sow-icon=\"&#xf218;\"\n\t\t \n\t\taria-hidden=\"true\"><\/span>\t\t\t\t\t\t\t<\/div>\n\t\t\t\t\t\t\t<div class=\"sow-accordion-close-button\">\n\t\t\t\t\t\t\t\t<span class=\"sow-icon-ionicons\" data-sow-icon=\"&#xf209;\"\n\t\t \n\t\taria-hidden=\"true\"><\/span>\t\t\t\t\t\t\t<\/div>\n\t\t\t\t\t\t<\/div>\n\t\t\t\t\t<\/div>\n\t\t\t\t<\/div>\n\n\t\t\t<div\n\t\t\t\tclass=\"sow-accordion-panel-content\"\n\t\t\t\trole=\"region\"\n\t\t\t\taria-labelledby=\"accordion-label-loisirs\"\n\t\t\t\tid=\"accordion-content-loisirs\"\n\t\t\t\tstyle=\"display: none;\"\t\t\t>\n\t\t\t\t<div class=\"sow-accordion-panel-border\">\n\t\t\t\t\t<ul>\n<li><img loading=\"lazy\" decoding=\"async\" src=\"https:\/\/gaphrsm.ca\/images\/elements_graphiques\/doc_pdf.jpg\" alt=\"Document PDF\" width=\"16\" height=\"16\" \/>\u00a0<a href=\"https:\/\/www.gaphrsm.ca\/wp-content\/uploads\/2020\/02\/Analyse-des-camps-de-jour-en-Mont\u00e9r\u00e9gie_F\u00e9vrier-2020.pdf\">Analyse des camps de jour en Mont\u00e9r\u00e9gie_F\u00e9vrier 2020 PDF<\/a><\/li>\n<li><img loading=\"lazy\" decoding=\"async\" src=\"https:\/\/gaphrsm.ca\/images\/elements_graphiques\/doc_word.jpg\" alt=\"Document Word\" width=\"16\" height=\"16\" \/> <a href=\"https:\/\/www.gaphrsm.ca\/wp-content\/uploads\/2020\/02\/Analyse-des-camps-de-jour-en-Mont\u00e9r\u00e9gie_F\u00e9vrier-2020_version-accessible.docx\">Analyse des camps de jour en Mont\u00e9r\u00e9gie_F\u00e9vrier 2020_version accessible<\/a><\/li>\n<\/ul>\n<p>&nbsp;<\/p>\n<p>&nbsp;<\/p>\n\t\t\t\t<\/div>\n\t\t\t<\/div>\n\t\t<\/div>\n\t\t<\/div>\n<\/div>\n<\/div><\/div><\/div><\/div><\/div>","protected":false},"excerpt":{"rendered":"<p>Nos principales activit\u00e9s(current)(current) Enjeux municipaux Soutien \u00e0 la personne Soutien \u00e0 la famille Sensibilisation \u00e9ducation populaire SOUTIEN ET FORMATIONS AUX MEMBRES SECTION MEMBRES<\/p>\n","protected":false},"author":1,"featured_media":0,"parent":0,"menu_order":0,"comment_status":"closed","ping_status":"closed","template":"","meta":{"footnotes":""},"class_list":["post-534","page","type-page","status-publish","hentry"],"_links":{"self":[{"href":"https:\/\/www.gaphrsm.ca\/lecteur\/wp-json\/wp\/v2\/pages\/534","targetHints":{"allow":["GET"]}}],"collection":[{"href":"https:\/\/www.gaphrsm.ca\/lecteur\/wp-json\/wp\/v2\/pages"}],"about":[{"href":"https:\/\/www.gaphrsm.ca\/lecteur\/wp-json\/wp\/v2\/types\/page"}],"author":[{"embeddable":true,"href":"https:\/\/www.gaphrsm.ca\/lecteur\/wp-json\/wp\/v2\/users\/1"}],"replies":[{"embeddable":true,"href":"https:\/\/www.gaphrsm.ca\/lecteur\/wp-json\/wp\/v2\/comments?post=534"}],"version-history":[{"count":28,"href":"https:\/\/www.gaphrsm.ca\/lecteur\/wp-json\/wp\/v2\/pages\/534\/revisions"}],"predecessor-version":[{"id":1720,"href":"https:\/\/www.gaphrsm.ca\/lecteur\/wp-json\/wp\/v2\/pages\/534\/revisions\/1720"}],"wp:attachment":[{"href":"https:\/\/www.gaphrsm.ca\/lecteur\/wp-json\/wp\/v2\/media?parent=534"}],"curies":[{"name":"wp","href":"https:\/\/api.w.org\/{rel}","templated":true}]}}