{"id":541,"date":"2018-01-29T19:58:25","date_gmt":"2018-01-29T19:58:25","guid":{"rendered":"https:\/\/gaphrsm.ca\/lecteur\/?page_id=541"},"modified":"2018-06-26T19:31:23","modified_gmt":"2018-06-26T19:31:23","slug":"soutien-a-la-personne","status":"publish","type":"page","link":"https:\/\/www.gaphrsm.ca\/lecteur\/soutien-a-la-personne\/","title":{"rendered":"Soutien \u00e0 la personne"},"content":{"rendered":"<div id=\"pl-541\"  class=\"panel-layout\" ><div id=\"pg-541-0\"  class=\"panel-grid panel-no-style\" ><div id=\"pgc-541-0-0\"  class=\"panel-grid-cell\" ><div id=\"panel-541-0-0-0\" class=\"so-panel widget widget_sow-editor panel-first-child\" data-index=\"0\" ><div\n\t\t\t\n\t\t\tclass=\"so-widget-sow-editor so-widget-sow-editor-base\"\n\t\t\t\n\t\t>\n<div class=\"siteorigin-widget-tinymce textwidget\">\n\t<ul id=\"menu-nos-principales-activites\" class=\"dropdown-menu sf-menu sf-js-enabled\">\n<li class=\"menu-item menu-item-type-post_type menu-item-object-page current-menu-item page_item page-item-121 current_page_item menu-item-531\" aria-current=\"true\"><a class=\"menu-link\" href=\"https:\/\/gaphrsm.ca\/lecteur\/nos-principales-activites\/\">Nos principales activit\u00e9s<\/a><span class=\"screen-reader-text\">(current)<\/span><span class=\"screen-reader-text\">(current)<\/span><\/li>\n<li class=\"menu-item menu-item-type-post_type menu-item-object-page menu-item-566\"><a class=\"menu-link\" href=\"https:\/\/gaphrsm.ca\/lecteur\/enjeux-municipaux\/\">Enjeux municipaux<\/a><\/li>\n<li class=\"menu-item menu-item-type-post_type menu-item-object-page menu-item-565\"><a class=\"menu-link\" href=\"https:\/\/gaphrsm.ca\/lecteur\/soutien-a-la-personne\/\">Soutien \u00e0 la personne<\/a><\/li>\n<li class=\"menu-item menu-item-type-post_type menu-item-object-page menu-item-564\"><a class=\"menu-link\" href=\"https:\/\/gaphrsm.ca\/lecteur\/soutien-a-la-famille\/\">Soutien \u00e0 la famille<\/a><\/li>\n<li class=\"menu-item menu-item-type-post_type menu-item-object-page menu-item-563\"><a class=\"menu-link\" href=\"https:\/\/gaphrsm.ca\/lecteur\/sensibilisation-education-populaire\/\">Sensibilisation \u00e9ducation populaire<\/a><\/li>\n<li class=\"menu-item menu-item-type-post_type menu-item-object-page menu-item-562\"><a class=\"menu-link\" href=\"https:\/\/gaphrsm.ca\/lecteur\/soutien-et-formations-aux-membres\/\">SOUTIEN ET FORMATIONS AUX MEMBRES<\/a><\/li>\n<li class=\"menu-item menu-item-type-post_type menu-item-object-page menu-item-561\"><a class=\"menu-link\" href=\"https:\/\/gaphrsm.ca\/lecteur\/section-membres\/\">SECTION MEMBRES<\/a><\/li>\n<\/ul>\n<\/div>\n<\/div><\/div><div id=\"panel-541-0-0-1\" class=\"so-panel widget widget_sow-accordion panel-last-child\" data-index=\"1\" ><div\n\t\t\t\n\t\t\tclass=\"so-widget-sow-accordion so-widget-sow-accordion-default-c3d05e97d1fb-541\"\n\t\t\t\n\t\t><div>\n\t<div class=\"sow-accordion\">\n\t\t\t<div class=\"sow-accordion-panel\n\t\t\t\t\"\n\t\t\tdata-anchor-id=\"habitation\">\n\t\t\t\t<div class=\"sow-accordion-panel-header-container\" role=\"heading\" aria-level=\"2\">\n\t\t\t\t\t<div class=\"sow-accordion-panel-header\" tabindex=\"0\" role=\"button\" id=\"accordion-label-habitation\" aria-controls=\"accordion-content-habitation\" aria-expanded=\"false\">\n\t\t\t\t\t\t<div class=\"sow-accordion-title sow-accordion-title-icon-left\">\n\t\t\t\t\t\t\t\t\t\t\t\t\t\t<h2>Habitation<\/h2>\t\t\t\t\t\t\t\t\t\t\t\t\t<\/div>\n\t\t\t\t\t\t<div class=\"sow-accordion-open-close-button\">\n\t\t\t\t\t\t\t<div class=\"sow-accordion-open-button\">\n\t\t\t\t\t\t\t\t<span class=\"sow-icon-ionicons\" data-sow-icon=\"&#xf218;\"\n\t\t \n\t\taria-hidden=\"true\"><\/span>\t\t\t\t\t\t\t<\/div>\n\t\t\t\t\t\t\t<div class=\"sow-accordion-close-button\">\n\t\t\t\t\t\t\t\t<span class=\"sow-icon-ionicons\" data-sow-icon=\"&#xf209;\"\n\t\t \n\t\taria-hidden=\"true\"><\/span>\t\t\t\t\t\t\t<\/div>\n\t\t\t\t\t\t<\/div>\n\t\t\t\t\t<\/div>\n\t\t\t\t<\/div>\n\n\t\t\t<div\n\t\t\t\tclass=\"sow-accordion-panel-content\"\n\t\t\t\trole=\"region\"\n\t\t\t\taria-labelledby=\"accordion-label-habitation\"\n\t\t\t\tid=\"accordion-content-habitation\"\n\t\t\t\tstyle=\"display: none;\"\t\t\t>\n\t\t\t\t<div class=\"sow-accordion-panel-border\">\n\t\t\t\t\t<ul>\n<li>Programmes et mesures \u00e0 l'habitation<\/li>\n<li>Accessibilit\u00e9 du milieu de vie<\/li>\n<li>H\u00e9bergement des personnes de moins de 65 ans<\/li>\n<\/ul>\n<p>Programme d'adaptation du domicile de la soci\u00e9t\u00e9 d'Habitation du Qu\u00e9bec (SHQ)<\/p>\n<p><a href=\"https:\/\/www.habitation.gouv.qc.ca\/programmes\/adapter_domicile.html\" target=\"_blank\" rel=\"noopener\">www.habitation.gouv.qc.ca\/programmes\/adapter_domicile.html<img decoding=\"async\" src=\"https:\/\/gaphrsm.ca\/images\/13_Elements_graphiques\/nouvelle-fenetre.png\" alt=\"Cet hyperlien s\u2019ouvrira dans une nouvelle fen\u00eatre.\" \/><\/a><\/p>\n<p>La SHQ a \u00e9galement publi\u00e9 un guide de r\u00e9novation pour rendre un logis accessible et adaptable : <em><strong>Un logis bien pens\u00e9, j'y vis, j'y reste<\/strong><\/em><\/p>\n<p><strong><em>\u00a0<\/em><\/strong><a href=\"https:\/\/www.habitation.gouv.qc.ca\/publications\/fiches_fr\/M0493707.html\" target=\"_blank\" rel=\"noopener\">www.habitation.gouv.qc.ca\/publications\/fiches_fr\/M0493707.html<img decoding=\"async\" src=\"https:\/\/gaphrsm.ca\/images\/13_Elements_graphiques\/nouvelle-fenetre.png\" alt=\"Cet hyperlien s\u2019ouvrira dans une nouvelle fen\u00eatre.\" \/><\/a><\/p>\n<p>Pour acc\u00e9der au programme, vous devez avoir un rapport d'un ergoth\u00e9rapeute de votre CSSS et traiter votre demande avec votre municipalit\u00e9.<\/p>\n<p><strong>Pour des informations sur les logements adapt\u00e9s ou accessibles ou pour en savoir plus sur les programmes, vous pouvez joindre l'Association en Logements et Immeubles Adapt\u00e9s.<\/strong> <a href=\"https:\/\/www.ailia.info\/\" target=\"_blank\" rel=\"noopener\">https:\/\/www.ailia.info\/<img decoding=\"async\" src=\"https:\/\/gaphrsm.ca\/images\/13_Elements_graphiques\/nouvelle-fenetre.png\" alt=\"Cet hyperlien s\u2019ouvrira dans une nouvelle fen\u00eatre.\" \/><\/a><\/p>\n\t\t\t\t<\/div>\n\t\t\t<\/div>\n\t\t<\/div>\n\t\t\t<div class=\"sow-accordion-panel\n\t\t\t\t\"\n\t\t\tdata-anchor-id=\"ressources-residentielles\">\n\t\t\t\t<div class=\"sow-accordion-panel-header-container\" role=\"heading\" aria-level=\"2\">\n\t\t\t\t\t<div class=\"sow-accordion-panel-header\" tabindex=\"0\" role=\"button\" id=\"accordion-label-ressources-r%c3%a9sidentielles\" aria-controls=\"accordion-content-ressources-r%c3%a9sidentielles\" aria-expanded=\"false\">\n\t\t\t\t\t\t<div class=\"sow-accordion-title sow-accordion-title-icon-left\">\n\t\t\t\t\t\t\t\t\t\t\t\t\t\t<h2>Ressources r\u00e9sidentielles<\/h2>\t\t\t\t\t\t\t\t\t\t\t\t\t<\/div>\n\t\t\t\t\t\t<div class=\"sow-accordion-open-close-button\">\n\t\t\t\t\t\t\t<div class=\"sow-accordion-open-button\">\n\t\t\t\t\t\t\t\t<span class=\"sow-icon-ionicons\" data-sow-icon=\"&#xf218;\"\n\t\t \n\t\taria-hidden=\"true\"><\/span>\t\t\t\t\t\t\t<\/div>\n\t\t\t\t\t\t\t<div class=\"sow-accordion-close-button\">\n\t\t\t\t\t\t\t\t<span class=\"sow-icon-ionicons\" data-sow-icon=\"&#xf209;\"\n\t\t \n\t\taria-hidden=\"true\"><\/span>\t\t\t\t\t\t\t<\/div>\n\t\t\t\t\t\t<\/div>\n\t\t\t\t\t<\/div>\n\t\t\t\t<\/div>\n\n\t\t\t<div\n\t\t\t\tclass=\"sow-accordion-panel-content\"\n\t\t\t\trole=\"region\"\n\t\t\t\taria-labelledby=\"accordion-label-ressources-r%c3%a9sidentielles\"\n\t\t\t\tid=\"accordion-content-ressources-r%c3%a9sidentielles\"\n\t\t\t\tstyle=\"display: none;\"\t\t\t>\n\t\t\t\t<div class=\"sow-accordion-panel-border\">\n\t\t\t\t\t<p><a href=\"https:\/\/gaphrsm.ca\/documents\/dossier_de_travail\/rapport-focus-group-et-recommandations.pdf\"><img loading=\"lazy\" decoding=\"async\" src=\"https:\/\/gaphrsm.ca\/images\/elements_graphiques\/doc_pdf.jpg\" width=\"16\" height=\"16\" \/>\u00a0Rapport des rencontres et recommandations de la table des personnes handicap\u00e9es du Haut-richelieu sur l'h\u00e9bergement des moins de 65 ans en CHSLD<\/a><\/p>\n<p><img loading=\"lazy\" decoding=\"async\" src=\"https:\/\/gaphrsm.ca\/images\/elements_graphiques\/doc_pdf.jpg\" alt=\"Document PDF\" width=\"16\" height=\"16\" \/>\u00a0<a title=\"Rapport du comit\u00e9 de travail, jeunes adultes en perte d'autonomie non li\u00e9e au vieillissement, 15 mai 2013.\" href=\"https:\/\/gaphrsm.ca\/documents\/Documentation\/Rapport-final-Comite-jeunes-adultes-V2013-05-15.pdf\" target=\"_blank\" rel=\"noopener\">Rapport final du comit\u00e9 de travail jeunes adultes, 15 mai 2013.<\/a><\/p>\n\t\t\t\t<\/div>\n\t\t\t<\/div>\n\t\t<\/div>\n\t\t\t<div class=\"sow-accordion-panel\n\t\t\t\t\"\n\t\t\tdata-anchor-id=\"culture-loisirs-et-sports\">\n\t\t\t\t<div class=\"sow-accordion-panel-header-container\" role=\"heading\" aria-level=\"2\">\n\t\t\t\t\t<div class=\"sow-accordion-panel-header\" tabindex=\"0\" role=\"button\" id=\"accordion-label-culture-loisirs-et-sports\" aria-controls=\"accordion-content-culture-loisirs-et-sports\" aria-expanded=\"false\">\n\t\t\t\t\t\t<div class=\"sow-accordion-title sow-accordion-title-icon-left\">\n\t\t\t\t\t\t\t\t\t\t\t\t\t\t<h2>Culture, loisirs et sports<\/h2>\t\t\t\t\t\t\t\t\t\t\t\t\t<\/div>\n\t\t\t\t\t\t<div class=\"sow-accordion-open-close-button\">\n\t\t\t\t\t\t\t<div class=\"sow-accordion-open-button\">\n\t\t\t\t\t\t\t\t<span class=\"sow-icon-ionicons\" data-sow-icon=\"&#xf218;\"\n\t\t \n\t\taria-hidden=\"true\"><\/span>\t\t\t\t\t\t\t<\/div>\n\t\t\t\t\t\t\t<div class=\"sow-accordion-close-button\">\n\t\t\t\t\t\t\t\t<span class=\"sow-icon-ionicons\" data-sow-icon=\"&#xf209;\"\n\t\t \n\t\taria-hidden=\"true\"><\/span>\t\t\t\t\t\t\t<\/div>\n\t\t\t\t\t\t<\/div>\n\t\t\t\t\t<\/div>\n\t\t\t\t<\/div>\n\n\t\t\t<div\n\t\t\t\tclass=\"sow-accordion-panel-content\"\n\t\t\t\trole=\"region\"\n\t\t\t\taria-labelledby=\"accordion-label-culture-loisirs-et-sports\"\n\t\t\t\tid=\"accordion-content-culture-loisirs-et-sports\"\n\t\t\t\tstyle=\"display: none;\"\t\t\t>\n\t\t\t\t<div class=\"sow-accordion-panel-border\">\n\t\t\t\t\t<p><strong>L'obligation des municipalit\u00e9s \u00e0 l'int\u00e9gration des enfants handicap\u00e9es en camps de jour<\/strong><br \/>\nci-bas, un texte simple et clair concernant les <em>Obligations juridiques <\/em>[des camps de jour]<em> \u00e0 l'\u00e9gard des enfants en situation de handicap<\/em> produit par la Commission des droits de la personnes et des droits de la jeunesse.<\/p>\n<p><img loading=\"lazy\" decoding=\"async\" src=\"https:\/\/www.gaphrsm.ca\/images\/elements_graphiques\/doc_pdf.jpg\" alt=\"Document PDF\" width=\"16\" height=\"16\" \/>\u00a0<a title=\"Guide du loisir accessible\" href=\"https:\/\/www.gaphrsm.ca\/documents\/Documentation\/20110615GuideLoisirAccessible_web.pdf\" target=\"_blank\" rel=\"noopener\">Obligations_juridiques_camps_jour.pdf<\/a><\/p>\n<p><strong>\u00c9nonc\u00e9 de principe : \"pour le plaisir... du loisir accessible aux personnes handicap\u00e9es\"<\/strong><\/p>\n<p><em>Table de concertation des associations de personnes handicap\u00e9es du Haut-Richelieu<\/em><\/p>\n<p>Principe fondamental connu et reconnu, la pratique d'activit\u00e9s de loisir contribue \u00e0 la qualit\u00e9 de vie et \u00e0 la sant\u00e9 de tous et chacun. Le loisir est un moyen de faire des apprentissages, de se r\u00e9aliser, de se d\u00e9tendre, de se divertir et de cr\u00e9er des liens avec d'autres personnes.<\/p>\n<p><img loading=\"lazy\" decoding=\"async\" src=\"https:\/\/gaphrsm.ca\/images\/elements_graphiques\/doc_word.jpg\" alt=\"Document Word\" width=\"16\" height=\"16\" \/>\u00a0<a title=\"\u00c9nonc\u00e9 de principe sur le loisir\" href=\"https:\/\/www.gaphrsm.ca\/documents\/Documentation\/20120120enonceDePrincipe.doc.docx\" target=\"_blank\" rel=\"noopener\">\u00c9nonc\u00e9 de principe du Gaphrsm sur le loisir et la participation sociale<\/a><\/p>\n<p><strong>Guide de loisir accessible aux personnes handicap\u00e9es<\/strong><\/p>\n<p><em>Table de concertation des associations de personnes handicap\u00e9es du Haut-Richelieu<\/em><\/p>\n<p>La Table de concertation des associations de personnes handicap\u00e9es de la r\u00e9gion du Haut-Richelieu (TCAPH), qui regroupe 23 organismes et \u00e9tablissements, a mis sur pied un projet visant \u00e0 \u00e9largir l'offre de service en loisir des personnes handicap\u00e9es, en mettant \u00e0 profit les services d\u00e9j\u00e0 offerts \u00e0 l'ensemble de la population.<\/p>\n<p><img loading=\"lazy\" decoding=\"async\" src=\"https:\/\/gaphrsm.ca\/images\/elements_graphiques\/doc_pdf.jpg\" alt=\"Document PDF\" width=\"16\" height=\"16\" \/>\u00a0<a title=\"Guide du loisir accessible\" href=\"https:\/\/gaphrsm.ca\/documents\/Documentation\/20110615GuideLoisirAccessible_web.pdf\" target=\"_blank\" rel=\"noopener\">Pour le plaisir du loisir accessible<\/a><\/p>\n<p><strong>Guide de r\u00e9f\u00e9rence pour faciliter l'int\u00e9gration des personnes handicap\u00e9es<\/strong><\/p>\n<p><em>Table de concertation des associations de personnes handicap\u00e9es de la r\u00e9gion du Haut<\/em>-Richelieu<\/p>\n<p>L'accueil des personnes handicap\u00e9es est unique au m\u00eame titre que celui d'une autre personne, ce qui permet de vivre une exp\u00e9rience positive. Le concept d'accueil peut se scinder en trois aspects : l'aspect humain, l'aspect technique et l'aspect financier.<\/p>\n<p><img loading=\"lazy\" decoding=\"async\" src=\"https:\/\/gaphrsm.ca\/images\/elements_graphiques\/doc_pdf.jpg\" alt=\"Document PDF\" width=\"16\" height=\"16\" \/>\u00a0<a href=\"https:\/\/gaphrsm.ca\/documents\/\/Documentation\/201310_Guide_de_references_integration_aux_loisirs.pdf\" target=\"_blank\" rel=\"noopener\">Guide de r\u00e9f\u00e9rence <\/a><\/p>\n<p><strong>Zone Loisirs Mont\u00e9r\u00e9gie<\/strong><\/p>\n<p>Organisme de\u00a0promotion et de d\u00e9fense des droits en loisirs<\/p>\n<p><a href=\"https:\/\/www.zlm.qc.ca\/outils.html\" target=\"_blank\" rel=\"noopener\">Lien vers le site Internet<img decoding=\"async\" src=\"https:\/\/gaphrsm.ca\/images\/13_Elements_graphiques\/nouvelle-fenetre.png\" alt=\"Cet hyperlien s\u2019ouvrira dans une nouvelle fen\u00eatre.\" \/><\/a><\/p>\n\t\t\t\t<\/div>\n\t\t\t<\/div>\n\t\t<\/div>\n\t\t\t<div class=\"sow-accordion-panel\n\t\t\t\t\"\n\t\t\tdata-anchor-id=\"mourir-dans-la-dignite\">\n\t\t\t\t<div class=\"sow-accordion-panel-header-container\" role=\"heading\" aria-level=\"2\">\n\t\t\t\t\t<div class=\"sow-accordion-panel-header\" tabindex=\"0\" role=\"button\" id=\"accordion-label-mourir-dans-la-dignit%c3%a9\" aria-controls=\"accordion-content-mourir-dans-la-dignit%c3%a9\" aria-expanded=\"false\">\n\t\t\t\t\t\t<div class=\"sow-accordion-title sow-accordion-title-icon-left\">\n\t\t\t\t\t\t\t\t\t\t\t\t\t\t<h2>Mourir dans la dignit\u00e9<\/h2>\t\t\t\t\t\t\t\t\t\t\t\t\t<\/div>\n\t\t\t\t\t\t<div class=\"sow-accordion-open-close-button\">\n\t\t\t\t\t\t\t<div class=\"sow-accordion-open-button\">\n\t\t\t\t\t\t\t\t<span class=\"sow-icon-ionicons\" data-sow-icon=\"&#xf218;\"\n\t\t \n\t\taria-hidden=\"true\"><\/span>\t\t\t\t\t\t\t<\/div>\n\t\t\t\t\t\t\t<div class=\"sow-accordion-close-button\">\n\t\t\t\t\t\t\t\t<span class=\"sow-icon-ionicons\" data-sow-icon=\"&#xf209;\"\n\t\t \n\t\taria-hidden=\"true\"><\/span>\t\t\t\t\t\t\t<\/div>\n\t\t\t\t\t\t<\/div>\n\t\t\t\t\t<\/div>\n\t\t\t\t<\/div>\n\n\t\t\t<div\n\t\t\t\tclass=\"sow-accordion-panel-content\"\n\t\t\t\trole=\"region\"\n\t\t\t\taria-labelledby=\"accordion-label-mourir-dans-la-dignit%c3%a9\"\n\t\t\t\tid=\"accordion-content-mourir-dans-la-dignit%c3%a9\"\n\t\t\t\tstyle=\"display: none;\"\t\t\t>\n\t\t\t\t<div class=\"sow-accordion-panel-border\">\n\t\t\t\t\t<p>Rapport du comit\u00e9 de juristes experts sur la mise en \u0153uvre des recommandations de la commission sp\u00e9ciale de l\u2019Assembl\u00e9e Nationale sur la question de mourir dans la dignit\u00e9.<\/p>\n<p><img loading=\"lazy\" decoding=\"async\" src=\"https:\/\/gaphrsm.ca\/images\/elements_graphiques\/doc_pdf.jpg\" alt=\"Document PDF\" width=\"16\" height=\"16\" \/>\u00a0<a href=\"https:\/\/gaphrsm.ca\/documents\/Documentation\/resume_du_rapport.pdf\" target=\"_blank\" rel=\"noopener\">R\u00e9sum\u00e9 du rapport M\u00e9nard sur le projet de loi sur le suicide assist\u00e9<\/a><\/p>\n\t\t\t\t<\/div>\n\t\t\t<\/div>\n\t\t<\/div>\n\t\t\t<div class=\"sow-accordion-panel\n\t\t\t\t\"\n\t\t\tdata-anchor-id=\"soutien-a-domicile\">\n\t\t\t\t<div class=\"sow-accordion-panel-header-container\" role=\"heading\" aria-level=\"2\">\n\t\t\t\t\t<div class=\"sow-accordion-panel-header\" tabindex=\"0\" role=\"button\" id=\"accordion-label-soutien-%c3%a0-domicile\" aria-controls=\"accordion-content-soutien-%c3%a0-domicile\" aria-expanded=\"false\">\n\t\t\t\t\t\t<div class=\"sow-accordion-title sow-accordion-title-icon-left\">\n\t\t\t\t\t\t\t\t\t\t\t\t\t\t<h2>Soutien \u00e0 domicile<\/h2>\t\t\t\t\t\t\t\t\t\t\t\t\t<\/div>\n\t\t\t\t\t\t<div class=\"sow-accordion-open-close-button\">\n\t\t\t\t\t\t\t<div class=\"sow-accordion-open-button\">\n\t\t\t\t\t\t\t\t<span class=\"sow-icon-ionicons\" data-sow-icon=\"&#xf218;\"\n\t\t \n\t\taria-hidden=\"true\"><\/span>\t\t\t\t\t\t\t<\/div>\n\t\t\t\t\t\t\t<div class=\"sow-accordion-close-button\">\n\t\t\t\t\t\t\t\t<span class=\"sow-icon-ionicons\" data-sow-icon=\"&#xf209;\"\n\t\t \n\t\taria-hidden=\"true\"><\/span>\t\t\t\t\t\t\t<\/div>\n\t\t\t\t\t\t<\/div>\n\t\t\t\t\t<\/div>\n\t\t\t\t<\/div>\n\n\t\t\t<div\n\t\t\t\tclass=\"sow-accordion-panel-content\"\n\t\t\t\trole=\"region\"\n\t\t\t\taria-labelledby=\"accordion-label-soutien-%c3%a0-domicile\"\n\t\t\t\tid=\"accordion-content-soutien-%c3%a0-domicile\"\n\t\t\t\tstyle=\"display: none;\"\t\t\t>\n\t\t\t\t<div class=\"sow-accordion-panel-border\">\n\t\t\t\t\t<p><strong>Nouveau contenu disponible bient\u00f4t<\/strong><\/p>\n\t\t\t\t<\/div>\n\t\t\t<\/div>\n\t\t<\/div>\n\t\t\t<div class=\"sow-accordion-panel\n\t\t\t\t\"\n\t\t\tdata-anchor-id=\"education-adaptation-et-readaptation\">\n\t\t\t\t<div class=\"sow-accordion-panel-header-container\" role=\"heading\" aria-level=\"2\">\n\t\t\t\t\t<div class=\"sow-accordion-panel-header\" tabindex=\"0\" role=\"button\" id=\"accordion-label-education-adaptation-et-r%c3%a9adaptation\" aria-controls=\"accordion-content-education-adaptation-et-r%c3%a9adaptation\" aria-expanded=\"false\">\n\t\t\t\t\t\t<div class=\"sow-accordion-title sow-accordion-title-icon-left\">\n\t\t\t\t\t\t\t\t\t\t\t\t\t\t<h2>Education, adaptation et r\u00e9adaptation<\/h2>\t\t\t\t\t\t\t\t\t\t\t\t\t<\/div>\n\t\t\t\t\t\t<div class=\"sow-accordion-open-close-button\">\n\t\t\t\t\t\t\t<div class=\"sow-accordion-open-button\">\n\t\t\t\t\t\t\t\t<span class=\"sow-icon-ionicons\" data-sow-icon=\"&#xf218;\"\n\t\t \n\t\taria-hidden=\"true\"><\/span>\t\t\t\t\t\t\t<\/div>\n\t\t\t\t\t\t\t<div class=\"sow-accordion-close-button\">\n\t\t\t\t\t\t\t\t<span class=\"sow-icon-ionicons\" data-sow-icon=\"&#xf209;\"\n\t\t \n\t\taria-hidden=\"true\"><\/span>\t\t\t\t\t\t\t<\/div>\n\t\t\t\t\t\t<\/div>\n\t\t\t\t\t<\/div>\n\t\t\t\t<\/div>\n\n\t\t\t<div\n\t\t\t\tclass=\"sow-accordion-panel-content\"\n\t\t\t\trole=\"region\"\n\t\t\t\taria-labelledby=\"accordion-label-education-adaptation-et-r%c3%a9adaptation\"\n\t\t\t\tid=\"accordion-content-education-adaptation-et-r%c3%a9adaptation\"\n\t\t\t\tstyle=\"display: none;\"\t\t\t>\n\t\t\t\t<div class=\"sow-accordion-panel-border\">\n\t\t\t\t\t<p>Cadre de r\u00e9f\u00e9rences TEVA Mont\u00e9r\u00e9gie 2014<\/p>\n<p><a title=\"Cadre de r\u00e9f\u00e9rences TEVA Mont\u00e9r\u00e9gie 2014 \" href=\"https:\/\/gaphrsm.ca\/documents\/dossier_de_travail\/Cadre-de-reference-TEVA-version-du-26-juin-2014.pdf\"><img loading=\"lazy\" decoding=\"async\" src=\"https:\/\/gaphrsm.ca\/images\/elements_graphiques\/doc_pdf.jpg\" width=\"16\" height=\"16\" \/>\u00a0version PDF<\/a>\u00a0 <a title=\"Cadre de r\u00e9f\u00e9rences TEVA Mont\u00e9r\u00e9gie 2014 \" href=\"https:\/\/gaphrsm.ca\/documents\/dossier_de_travail\/Cadre-de-reference-TEVA-version-du-26-juin-2014.docx\"><img loading=\"lazy\" decoding=\"async\" src=\"https:\/\/gaphrsm.ca\/images\/elements_graphiques\/doc_word.jpg\" width=\"16\" height=\"16\" \/>\u00a0version Words<\/a><br \/>\n<img loading=\"lazy\" decoding=\"async\" src=\"https:\/\/gaphrsm.ca\/images\/elements_graphiques\/doc_word.jpg\" alt=\"Document Word\" width=\"16\" height=\"16\" \/>\u00a0<a title=\"Commissions scolaires territoire du GAPHRSM\" href=\"https:\/\/gaphrsm.ca\/documents\/Documentation\/Commissions-scolaires-territoire-du-GAPHRSM.doc\" target=\"_blank\" rel=\"noopener\">Commissions scolaires territoire du GAPHRSM.<\/a><br \/>\n<img loading=\"lazy\" decoding=\"async\" src=\"https:\/\/gaphrsm.ca\/images\/elements_graphiques\/doc_word.jpg\" alt=\"Document Word\" width=\"16\" height=\"16\" \/>\u00a0<a title=\"Bilan du projet pilote T\u00c9VA 2012\/2014 - Table des personnes handicap\u00e9es de la Rive-sud (TPHRS)\" href=\"https:\/\/gaphrsm.ca\/documents\/Documentation\/Rapport-du-projet-pilote-TEVA-2015.docx\" target=\"_blank\" rel=\"noopener\">Rapport du projet piloteT\u00c9VA<\/a><br \/>\n<img loading=\"lazy\" decoding=\"async\" src=\"https:\/\/gaphrsm.ca\/images\/elements_graphiques\/doc_pdf.jpg\" alt=\"Document PDF\" width=\"16\" height=\"16\" \/>\u00a0<a title=\"Bilan du projet pilote T\u00c9VA 2012\/2014 - Table des personnes handicap\u00e9es de la Rive-sud (TPHRS)\" href=\"https:\/\/gaphrsm.ca\/documents\/Documentation\/Rapport-du-projet-pilote-TEVA-2015.pdf\" target=\"_blank\" rel=\"noopener\">Rapport du projet piloteT\u00c9VA<\/a><\/p>\n\t\t\t\t<\/div>\n\t\t\t<\/div>\n\t\t<\/div>\n\t\t\t<div class=\"sow-accordion-panel\n\t\t\t\t\"\n\t\t\tdata-anchor-id=\"vie-sociale-et-professionnelle\">\n\t\t\t\t<div class=\"sow-accordion-panel-header-container\" role=\"heading\" aria-level=\"2\">\n\t\t\t\t\t<div class=\"sow-accordion-panel-header\" tabindex=\"0\" role=\"button\" id=\"accordion-label-vie-sociale-et-professionnelle\" aria-controls=\"accordion-content-vie-sociale-et-professionnelle\" aria-expanded=\"false\">\n\t\t\t\t\t\t<div class=\"sow-accordion-title sow-accordion-title-icon-left\">\n\t\t\t\t\t\t\t\t\t\t\t\t\t\t<h2>Vie sociale et professionnelle<\/h2>\t\t\t\t\t\t\t\t\t\t\t\t\t<\/div>\n\t\t\t\t\t\t<div class=\"sow-accordion-open-close-button\">\n\t\t\t\t\t\t\t<div class=\"sow-accordion-open-button\">\n\t\t\t\t\t\t\t\t<span class=\"sow-icon-ionicons\" data-sow-icon=\"&#xf218;\"\n\t\t \n\t\taria-hidden=\"true\"><\/span>\t\t\t\t\t\t\t<\/div>\n\t\t\t\t\t\t\t<div class=\"sow-accordion-close-button\">\n\t\t\t\t\t\t\t\t<span class=\"sow-icon-ionicons\" data-sow-icon=\"&#xf209;\"\n\t\t \n\t\taria-hidden=\"true\"><\/span>\t\t\t\t\t\t\t<\/div>\n\t\t\t\t\t\t<\/div>\n\t\t\t\t\t<\/div>\n\t\t\t\t<\/div>\n\n\t\t\t<div\n\t\t\t\tclass=\"sow-accordion-panel-content\"\n\t\t\t\trole=\"region\"\n\t\t\t\taria-labelledby=\"accordion-label-vie-sociale-et-professionnelle\"\n\t\t\t\tid=\"accordion-content-vie-sociale-et-professionnelle\"\n\t\t\t\tstyle=\"display: none;\"\t\t\t>\n\t\t\t\t<div class=\"sow-accordion-panel-border\">\n\t\t\t\t\t<p><img loading=\"lazy\" decoding=\"async\" src=\"https:\/\/gaphrsm.ca\/images\/elements_graphiques\/doc_word.jpg\" alt=\"Document Word\" width=\"16\" height=\"16\" \/>\u00a0<a title=\"Bilan de la rencontre nationale parcours \u00e0 l'emploi, 9 d\u00e9cembre 2009.\" href=\"https:\/\/gaphrsm.ca\/documents\/Documentation\/bilan-rencontre-nationale-parcours-a-l-emploi-2009.doc\" target=\"_blank\" rel=\"noopener\">Bilan de la rencontre nationale parcours \u00e0 l'emploi, 9 d\u00e9cembre 2009.<\/a><br \/>\n<img loading=\"lazy\" decoding=\"async\" src=\"https:\/\/gaphrsm.ca\/images\/elements_graphiques\/doc_word.jpg\" alt=\"Document Word\" width=\"16\" height=\"16\" \/>\u00a0<a title=\"Le contrat d'int\u00e9gration au travail.\" href=\"https:\/\/gaphrsm.ca\/documents\/Documentation\/Contrat-d-Integration-au-Travail-CIT.doc\" target=\"_blank\" rel=\"noopener\">Le contrat d'int\u00e9gration au travail CIT.<\/a><br \/>\n<img loading=\"lazy\" decoding=\"async\" src=\"https:\/\/gaphrsm.ca\/images\/elements_graphiques\/doc_word.jpg\" alt=\"Document Word\" width=\"16\" height=\"16\" \/>\u00a0<a title=\"Document de r\u00e9flexion pour soutenir l'\u00e9laboration d'un plan d'action, colloque des partenaires du milieu associatif.\" href=\"https:\/\/gaphrsm.ca\/documents\/Documentation\/Document-de-reflexion-milieu-associatif.doc\" target=\"_blank\" rel=\"noopener\">Document de r\u00e9flexion milieu associatif.<\/a><br \/>\n<img loading=\"lazy\" decoding=\"async\" src=\"https:\/\/gaphrsm.ca\/images\/elements_graphiques\/doc_pdf.jpg\" alt=\"Document PDF\" width=\"16\" height=\"16\" \/>\u00a0<a title=\"L\u2019histoire du droit \u00e0 l\u2019aide sociale au Qu\u00e9bec (1969-2011).\" href=\"https:\/\/gaphrsm.ca\/documents\/Documentation\/histoire-aide-sociale.pdf\" target=\"_blank\" rel=\"noopener\">L\u2019histoire du droit \u00e0 l\u2019aide sociale au Qu\u00e9bec.<\/a><\/p>\n\t\t\t\t<\/div>\n\t\t\t<\/div>\n\t\t<\/div>\n\t\t<\/div>\n<\/div>\n<\/div><\/div><\/div><\/div><\/div>","protected":false},"excerpt":{"rendered":"<p>Nos principales activit\u00e9s(current)(current) Enjeux municipaux Soutien \u00e0 la personne Soutien \u00e0 la famille Sensibilisation \u00e9ducation populaire SOUTIEN ET FORMATIONS AUX MEMBRES SECTION MEMBRES<\/p>\n","protected":false},"author":1,"featured_media":0,"parent":0,"menu_order":0,"comment_status":"closed","ping_status":"closed","template":"","meta":{"footnotes":""},"class_list":["post-541","page","type-page","status-publish","hentry"],"_links":{"self":[{"href":"https:\/\/www.gaphrsm.ca\/lecteur\/wp-json\/wp\/v2\/pages\/541","targetHints":{"allow":["GET"]}}],"collection":[{"href":"https:\/\/www.gaphrsm.ca\/lecteur\/wp-json\/wp\/v2\/pages"}],"about":[{"href":"https:\/\/www.gaphrsm.ca\/lecteur\/wp-json\/wp\/v2\/types\/page"}],"author":[{"embeddable":true,"href":"https:\/\/www.gaphrsm.ca\/lecteur\/wp-json\/wp\/v2\/users\/1"}],"replies":[{"embeddable":true,"href":"https:\/\/www.gaphrsm.ca\/lecteur\/wp-json\/wp\/v2\/comments?post=541"}],"version-history":[{"count":24,"href":"https:\/\/www.gaphrsm.ca\/lecteur\/wp-json\/wp\/v2\/pages\/541\/revisions"}],"predecessor-version":[{"id":1081,"href":"https:\/\/www.gaphrsm.ca\/lecteur\/wp-json\/wp\/v2\/pages\/541\/revisions\/1081"}],"wp:attachment":[{"href":"https:\/\/www.gaphrsm.ca\/lecteur\/wp-json\/wp\/v2\/media?parent=541"}],"curies":[{"name":"wp","href":"https:\/\/api.w.org\/{rel}","templated":true}]}}