{"id":544,"date":"2018-01-29T19:59:01","date_gmt":"2018-01-29T19:59:01","guid":{"rendered":"https:\/\/gaphrsm.ca\/lecteur\/?page_id=544"},"modified":"2018-06-26T19:27:20","modified_gmt":"2018-06-26T19:27:20","slug":"soutien-a-la-famille","status":"publish","type":"page","link":"https:\/\/www.gaphrsm.ca\/lecteur\/soutien-a-la-famille\/","title":{"rendered":"Soutien \u00e0 la famille"},"content":{"rendered":"<div id=\"pl-544\"  class=\"panel-layout\" ><div id=\"pg-544-0\"  class=\"panel-grid panel-no-style\" ><div id=\"pgc-544-0-0\"  class=\"panel-grid-cell\" ><div id=\"panel-544-0-0-0\" class=\"so-panel widget widget_sow-editor panel-first-child\" data-index=\"0\" ><div\n\t\t\t\n\t\t\tclass=\"so-widget-sow-editor so-widget-sow-editor-base\"\n\t\t\t\n\t\t>\n<div class=\"siteorigin-widget-tinymce textwidget\">\n\t<ul id=\"menu-nos-principales-activites\" class=\"dropdown-menu sf-menu sf-js-enabled\">\n<li class=\"menu-item menu-item-type-post_type menu-item-object-page current-menu-item page_item page-item-121 current_page_item menu-item-531\" aria-current=\"true\"><a class=\"menu-link\" href=\"https:\/\/gaphrsm.ca\/lecteur\/nos-principales-activites\/\">Nos principales activit\u00e9s<\/a><span class=\"screen-reader-text\">(current)<\/span><span class=\"screen-reader-text\">(current)<\/span><\/li>\n<li class=\"menu-item menu-item-type-post_type menu-item-object-page menu-item-566\"><a class=\"menu-link\" href=\"https:\/\/gaphrsm.ca\/lecteur\/enjeux-municipaux\/\">Enjeux municipaux<\/a><\/li>\n<li class=\"menu-item menu-item-type-post_type menu-item-object-page menu-item-565\"><a class=\"menu-link\" href=\"https:\/\/gaphrsm.ca\/lecteur\/soutien-a-la-personne\/\">Soutien \u00e0 la personne<\/a><\/li>\n<li class=\"menu-item menu-item-type-post_type menu-item-object-page menu-item-564\"><a class=\"menu-link\" href=\"https:\/\/gaphrsm.ca\/lecteur\/soutien-a-la-famille\/\">Soutien \u00e0 la famille<\/a><\/li>\n<li class=\"menu-item menu-item-type-post_type menu-item-object-page menu-item-563\"><a class=\"menu-link\" href=\"https:\/\/gaphrsm.ca\/lecteur\/sensibilisation-education-populaire\/\">Sensibilisation \u00e9ducation populaire<\/a><\/li>\n<li class=\"menu-item menu-item-type-post_type menu-item-object-page menu-item-562\"><a class=\"menu-link\" href=\"https:\/\/gaphrsm.ca\/lecteur\/soutien-et-formations-aux-membres\/\">SOUTIEN ET FORMATIONS AUX MEMBRES<\/a><\/li>\n<li class=\"menu-item menu-item-type-post_type menu-item-object-page menu-item-561\"><a class=\"menu-link\" href=\"https:\/\/gaphrsm.ca\/lecteur\/section-membres\/\">SECTION MEMBRES<\/a><\/li>\n<\/ul>\n<\/div>\n<\/div><\/div><div id=\"panel-544-0-0-1\" class=\"so-panel widget widget_sow-accordion panel-last-child\" data-index=\"1\" ><div\n\t\t\t\n\t\t\tclass=\"so-widget-sow-accordion so-widget-sow-accordion-default-73ea64d2efa1-544\"\n\t\t\t\n\t\t><div>\n\t<div class=\"sow-accordion\">\n\t\t\t<div class=\"sow-accordion-panel\n\t\t\t\t\"\n\t\t\tdata-anchor-id=\"conciliation-travail-famille\">\n\t\t\t\t<div class=\"sow-accordion-panel-header-container\" role=\"heading\" aria-level=\"2\">\n\t\t\t\t\t<div class=\"sow-accordion-panel-header\" tabindex=\"0\" role=\"button\" id=\"accordion-label-conciliation-travail-famille\" aria-controls=\"accordion-content-conciliation-travail-famille\" aria-expanded=\"false\">\n\t\t\t\t\t\t<div class=\"sow-accordion-title sow-accordion-title-icon-left\">\n\t\t\t\t\t\t\t\t\t\t\t\t\t\t<h2>Conciliation travail-famille<\/h2>\t\t\t\t\t\t\t\t\t\t\t\t\t<\/div>\n\t\t\t\t\t\t<div class=\"sow-accordion-open-close-button\">\n\t\t\t\t\t\t\t<div class=\"sow-accordion-open-button\">\n\t\t\t\t\t\t\t\t<span class=\"sow-icon-ionicons\" data-sow-icon=\"&#xf218;\"\n\t\t \n\t\taria-hidden=\"true\"><\/span>\t\t\t\t\t\t\t<\/div>\n\t\t\t\t\t\t\t<div class=\"sow-accordion-close-button\">\n\t\t\t\t\t\t\t\t<span class=\"sow-icon-ionicons\" data-sow-icon=\"&#xf209;\"\n\t\t \n\t\taria-hidden=\"true\"><\/span>\t\t\t\t\t\t\t<\/div>\n\t\t\t\t\t\t<\/div>\n\t\t\t\t\t<\/div>\n\t\t\t\t<\/div>\n\n\t\t\t<div\n\t\t\t\tclass=\"sow-accordion-panel-content\"\n\t\t\t\trole=\"region\"\n\t\t\t\taria-labelledby=\"accordion-label-conciliation-travail-famille\"\n\t\t\t\tid=\"accordion-content-conciliation-travail-famille\"\n\t\t\t\tstyle=\"display: none;\"\t\t\t>\n\t\t\t\t<div class=\"sow-accordion-panel-border\">\n\t\t\t\t\t<p><img loading=\"lazy\" decoding=\"async\" src=\"https:\/\/gaphrsm.ca\/images\/elements_graphiques\/doc_pdf.jpg\" alt=\"Document PDF\" width=\"16\" height=\"16\" \/>\u00a0<a title=\"Compilation du sondage sur les services de surveillance\" href=\"https:\/\/gaphrsm.ca\/documents\/Documentation\/Compilation-sondage-services-de-surveillance.pdf\" target=\"_blank\" rel=\"noopener\">Compilation du sondage sur les services de surveillance.<\/a><br \/> <img loading=\"lazy\" decoding=\"async\" src=\"https:\/\/gaphrsm.ca\/images\/elements_graphiques\/doc_word.jpg\" alt=\"Document Word\" width=\"16\" height=\"16\" \/>\u00a0<a title=\"Formulaire de demande, programme de soutien financier aux services de surveillance d'\u00e9l\u00e8ves handicap\u00e9s \u00e2g\u00e9s de 12 \u00e0 21 ans.\" href=\"https:\/\/gaphrsm.ca\/documents\/Documentation\/Formulaire-programme-gouvernemental-service-de-surveillance-2012.doc\" target=\"_blank\" rel=\"noopener\">Formulaire de demande, programme gouvernemental aux services de surveillance 2012.<\/a><br \/> <img loading=\"lazy\" decoding=\"async\" src=\"https:\/\/gaphrsm.ca\/images\/elements_graphiques\/doc_word.jpg\" alt=\"Document Word\" width=\"16\" height=\"16\" \/>\u00a0<a title=\"Journ\u00e9e de r\u00e9flexions sur l'organisation et le financement des services de surveillance avant et apr\u00e8s l\u2019\u00e9cole pour les \u00e9l\u00e8ves handicap\u00e9s \u00e2g\u00e9s de 12 \u00e0 21 ans, 3 octobre 2011.\" href=\"https:\/\/gaphrsm.ca\/documents\/Documentation\/Journee-de-reflexions-services-de-surveillance-2011.docm\" target=\"_blank\" rel=\"noopener\">Journ\u00e9e de r\u00e9flexions sur les services de surveillance 2011.<\/a><br \/> <img loading=\"lazy\" decoding=\"async\" src=\"https:\/\/gaphrsm.ca\/images\/elements_graphiques\/doc_pdf.jpg\" alt=\"Document PDF\" width=\"16\" height=\"16\" \/>\u00a0<a title=\"M\u00e9moire d\u00e9pos\u00e9 \u00e0 la Commission des relations avec les citoyens le 16 novembre 2010\" href=\"https:\/\/gaphrsm.ca\/documents\/Documentation\/Memoire-Projet-de-loi-no-126.pdf\" target=\"_blank\" rel=\"noopener\">M\u00e9moire du Conseil de la famille et de l\u2019enfance sur le projet de loi n\u00b0 126.<\/a><br \/> <img loading=\"lazy\" decoding=\"async\" src=\"https:\/\/gaphrsm.ca\/images\/elements_graphiques\/doc_pdf.jpg\" alt=\"Document PDF\" width=\"16\" height=\"16\" \/>\u00a0<a title=\"Modalit\u00e9 du programme de services de surveillance d\u2019\u00e9l\u00e8ves handicap\u00e9s \u00e2g\u00e9s de 12 \u00e0 21 ans\" href=\"https:\/\/gaphrsm.ca\/documents\/Documentation\/Modalites-du-programme-de-services-de-surveillance.pdf\" target=\"_blank\" rel=\"noopener\">Programme de services de surveillance d\u2019\u00e9l\u00e8ves handicap\u00e9s \u00e2g\u00e9s de 12 \u00e0 21 ans.<\/a><\/p>\n\t\t\t\t<\/div>\n\t\t\t<\/div>\n\t\t<\/div>\n\t\t\t<div class=\"sow-accordion-panel\n\t\t\t\t\"\n\t\t\tdata-anchor-id=\"programme-soutien-a-la-famille\">\n\t\t\t\t<div class=\"sow-accordion-panel-header-container\" role=\"heading\" aria-level=\"2\">\n\t\t\t\t\t<div class=\"sow-accordion-panel-header\" tabindex=\"0\" role=\"button\" id=\"accordion-label-programme-soutien-%c3%a0-la-famille\" aria-controls=\"accordion-content-programme-soutien-%c3%a0-la-famille\" aria-expanded=\"false\">\n\t\t\t\t\t\t<div class=\"sow-accordion-title sow-accordion-title-icon-left\">\n\t\t\t\t\t\t\t\t\t\t\t\t\t\t<h2>Programme soutien \u00e0 la famille<\/h2>\t\t\t\t\t\t\t\t\t\t\t\t\t<\/div>\n\t\t\t\t\t\t<div class=\"sow-accordion-open-close-button\">\n\t\t\t\t\t\t\t<div class=\"sow-accordion-open-button\">\n\t\t\t\t\t\t\t\t<span class=\"sow-icon-ionicons\" data-sow-icon=\"&#xf218;\"\n\t\t \n\t\taria-hidden=\"true\"><\/span>\t\t\t\t\t\t\t<\/div>\n\t\t\t\t\t\t\t<div class=\"sow-accordion-close-button\">\n\t\t\t\t\t\t\t\t<span class=\"sow-icon-ionicons\" data-sow-icon=\"&#xf209;\"\n\t\t \n\t\taria-hidden=\"true\"><\/span>\t\t\t\t\t\t\t<\/div>\n\t\t\t\t\t\t<\/div>\n\t\t\t\t\t<\/div>\n\t\t\t\t<\/div>\n\n\t\t\t<div\n\t\t\t\tclass=\"sow-accordion-panel-content\"\n\t\t\t\trole=\"region\"\n\t\t\t\taria-labelledby=\"accordion-label-programme-soutien-%c3%a0-la-famille\"\n\t\t\t\tid=\"accordion-content-programme-soutien-%c3%a0-la-famille\"\n\t\t\t\tstyle=\"display: none;\"\t\t\t>\n\t\t\t\t<div class=\"sow-accordion-panel-border\">\n\t\t\t\t\t<p><img loading=\"lazy\" decoding=\"async\" src=\"https:\/\/gaphrsm.ca\/images\/elements_graphiques\/doc_word.jpg\" alt=\"Document Word\" width=\"16\" height=\"16\" \/>\u00a0<a title=\"Rapport du comit\u00e9 de travail, jeunes adultes en perte d'autonomie non li\u00e9e au vieillissement, 15 mai 2013.\" href=\"https:\/\/gaphrsm.ca\/documents\/Documentation\/20140305_AvisAQRIPH_Programme_SAF.doc\" target=\"_blank\" rel=\"noopener\">Avis de l\u2019AQRIPH : Pour un r\u00e9el programme de Soutien \u00e0 la famille<\/a><strong><span lang=\"EN-US\">\u00a0<\/span><\/strong><br \/> <img loading=\"lazy\" decoding=\"async\" src=\"https:\/\/gaphrsm.ca\/images\/elements_graphiques\/doc_pdf.jpg\" alt=\"Document PDF\" width=\"16\" height=\"16\" \/>\u00a0<a href=\"https:\/\/gaphrsm.ca\/documents\/Documentation\/Cadre-reference-SAF-VF2014.pdf\" target=\"_blank\" rel=\"noopener\">Cadre de r\u00e9f\u00e9rence r\u00e9gional pour la gestion du programme de soutien \u00e0 la famille<\/a><\/p>\n\t\t\t\t<\/div>\n\t\t\t<\/div>\n\t\t<\/div>\n\t\t\t<div class=\"sow-accordion-panel\n\t\t\t\t\"\n\t\t\tdata-anchor-id=\"repit-et-gardiennage\">\n\t\t\t\t<div class=\"sow-accordion-panel-header-container\" role=\"heading\" aria-level=\"2\">\n\t\t\t\t\t<div class=\"sow-accordion-panel-header\" tabindex=\"0\" role=\"button\" id=\"accordion-label-r%c3%a9pit-et-gardiennage\" aria-controls=\"accordion-content-r%c3%a9pit-et-gardiennage\" aria-expanded=\"false\">\n\t\t\t\t\t\t<div class=\"sow-accordion-title sow-accordion-title-icon-left\">\n\t\t\t\t\t\t\t\t\t\t\t\t\t\t<h2>R\u00e9pit et gardiennage<\/h2>\t\t\t\t\t\t\t\t\t\t\t\t\t<\/div>\n\t\t\t\t\t\t<div class=\"sow-accordion-open-close-button\">\n\t\t\t\t\t\t\t<div class=\"sow-accordion-open-button\">\n\t\t\t\t\t\t\t\t<span class=\"sow-icon-ionicons\" data-sow-icon=\"&#xf218;\"\n\t\t \n\t\taria-hidden=\"true\"><\/span>\t\t\t\t\t\t\t<\/div>\n\t\t\t\t\t\t\t<div class=\"sow-accordion-close-button\">\n\t\t\t\t\t\t\t\t<span class=\"sow-icon-ionicons\" data-sow-icon=\"&#xf209;\"\n\t\t \n\t\taria-hidden=\"true\"><\/span>\t\t\t\t\t\t\t<\/div>\n\t\t\t\t\t\t<\/div>\n\t\t\t\t\t<\/div>\n\t\t\t\t<\/div>\n\n\t\t\t<div\n\t\t\t\tclass=\"sow-accordion-panel-content\"\n\t\t\t\trole=\"region\"\n\t\t\t\taria-labelledby=\"accordion-label-r%c3%a9pit-et-gardiennage\"\n\t\t\t\tid=\"accordion-content-r%c3%a9pit-et-gardiennage\"\n\t\t\t\tstyle=\"display: none;\"\t\t\t>\n\t\t\t\t<div class=\"sow-accordion-panel-border\">\n\t\t\t\t\t<p><img loading=\"lazy\" decoding=\"async\" src=\"https:\/\/gaphrsm.ca\/images\/elements_graphiques\/doc_word.jpg\" alt=\"Document Word\" width=\"16\" height=\"16\" \/>\u00a0<a title=\"Rapport de la Rencontre des Maisons de r\u00e9pit, 22 mars 2012.\" href=\"https:\/\/gaphrsm.ca\/documents\/Documentation\/Rapport-Rencontre-des-Maisons-de-repit-du-22-mars-2012.doc\" target=\"_blank\" rel=\"noopener\">Rapport de la Rencontre des Maisons de r\u00e9pit.<\/a><\/p>\n\t\t\t\t<\/div>\n\t\t\t<\/div>\n\t\t<\/div>\n\t\t\t<div class=\"sow-accordion-panel\n\t\t\t\t\"\n\t\t\tdata-anchor-id=\"service-de-surveillance\">\n\t\t\t\t<div class=\"sow-accordion-panel-header-container\" role=\"heading\" aria-level=\"2\">\n\t\t\t\t\t<div class=\"sow-accordion-panel-header\" tabindex=\"0\" role=\"button\" id=\"accordion-label-service-de-surveillance\" aria-controls=\"accordion-content-service-de-surveillance\" aria-expanded=\"false\">\n\t\t\t\t\t\t<div class=\"sow-accordion-title sow-accordion-title-icon-left\">\n\t\t\t\t\t\t\t\t\t\t\t\t\t\t<h2>Service de surveillance <\/h2>\t\t\t\t\t\t\t\t\t\t\t\t\t<\/div>\n\t\t\t\t\t\t<div class=\"sow-accordion-open-close-button\">\n\t\t\t\t\t\t\t<div class=\"sow-accordion-open-button\">\n\t\t\t\t\t\t\t\t<span class=\"sow-icon-ionicons\" data-sow-icon=\"&#xf218;\"\n\t\t \n\t\taria-hidden=\"true\"><\/span>\t\t\t\t\t\t\t<\/div>\n\t\t\t\t\t\t\t<div class=\"sow-accordion-close-button\">\n\t\t\t\t\t\t\t\t<span class=\"sow-icon-ionicons\" data-sow-icon=\"&#xf209;\"\n\t\t \n\t\taria-hidden=\"true\"><\/span>\t\t\t\t\t\t\t<\/div>\n\t\t\t\t\t\t<\/div>\n\t\t\t\t\t<\/div>\n\t\t\t\t<\/div>\n\n\t\t\t<div\n\t\t\t\tclass=\"sow-accordion-panel-content\"\n\t\t\t\trole=\"region\"\n\t\t\t\taria-labelledby=\"accordion-label-service-de-surveillance\"\n\t\t\t\tid=\"accordion-content-service-de-surveillance\"\n\t\t\t\tstyle=\"display: none;\"\t\t\t>\n\t\t\t\t<div class=\"sow-accordion-panel-border\">\n\t\t\t\t\t<ul>\n<li><a href=\"https:\/\/gaphrsm.ca\/lecteur\/soutien-a-la-famille-2\/\">Compte-rendu de la journ\u00e9e de r\u00e9flexion sur les services de surveillance avant et apr\u00e8s l'\u00e9cole pour les 12-21 ans<\/a><\/li>\n<li><a href=\"https:\/\/gaphrsm.ca\/lecteur\/soutien-a-la-famille-3\/\">Mobilisation agence<\/a><\/li>\n<\/ul>\t\t\t\t<\/div>\n\t\t\t<\/div>\n\t\t<\/div>\n\t\t<\/div>\n<\/div>\n<\/div><\/div><\/div><\/div><\/div>","protected":false},"excerpt":{"rendered":"<p>Nos principales activit\u00e9s(current)(current) Enjeux municipaux Soutien \u00e0 la personne Soutien \u00e0 la famille Sensibilisation \u00e9ducation populaire SOUTIEN ET FORMATIONS AUX MEMBRES SECTION MEMBRES<\/p>\n","protected":false},"author":1,"featured_media":0,"parent":0,"menu_order":0,"comment_status":"closed","ping_status":"closed","template":"","meta":{"footnotes":""},"class_list":["post-544","page","type-page","status-publish","hentry"],"_links":{"self":[{"href":"https:\/\/www.gaphrsm.ca\/lecteur\/wp-json\/wp\/v2\/pages\/544","targetHints":{"allow":["GET"]}}],"collection":[{"href":"https:\/\/www.gaphrsm.ca\/lecteur\/wp-json\/wp\/v2\/pages"}],"about":[{"href":"https:\/\/www.gaphrsm.ca\/lecteur\/wp-json\/wp\/v2\/types\/page"}],"author":[{"embeddable":true,"href":"https:\/\/www.gaphrsm.ca\/lecteur\/wp-json\/wp\/v2\/users\/1"}],"replies":[{"embeddable":true,"href":"https:\/\/www.gaphrsm.ca\/lecteur\/wp-json\/wp\/v2\/comments?post=544"}],"version-history":[{"count":19,"href":"https:\/\/www.gaphrsm.ca\/lecteur\/wp-json\/wp\/v2\/pages\/544\/revisions"}],"predecessor-version":[{"id":1076,"href":"https:\/\/www.gaphrsm.ca\/lecteur\/wp-json\/wp\/v2\/pages\/544\/revisions\/1076"}],"wp:attachment":[{"href":"https:\/\/www.gaphrsm.ca\/lecteur\/wp-json\/wp\/v2\/media?parent=544"}],"curies":[{"name":"wp","href":"https:\/\/api.w.org\/{rel}","templated":true}]}}