{"id":552,"date":"2018-01-29T20:00:17","date_gmt":"2018-01-29T20:00:17","guid":{"rendered":"https:\/\/gaphrsm.ca\/lecteur\/?page_id=552"},"modified":"2020-03-19T18:24:58","modified_gmt":"2020-03-19T18:24:58","slug":"soutien-et-formations-aux-membres","status":"publish","type":"page","link":"https:\/\/www.gaphrsm.ca\/lecteur\/soutien-et-formations-aux-membres\/","title":{"rendered":"SOUTIEN ET FORMATIONS AUX MEMBRES"},"content":{"rendered":"<div id=\"pl-552\"  class=\"panel-layout\" ><div id=\"pg-552-0\"  class=\"panel-grid panel-no-style\" ><div id=\"pgc-552-0-0\"  class=\"panel-grid-cell\" ><div id=\"panel-552-0-0-0\" class=\"so-panel widget widget_sow-editor panel-first-child\" data-index=\"0\" ><div\n\t\t\t\n\t\t\tclass=\"so-widget-sow-editor so-widget-sow-editor-base\"\n\t\t\t\n\t\t>\n<div class=\"siteorigin-widget-tinymce textwidget\">\n\t<ul id=\"menu-nos-principales-activites\" class=\"dropdown-menu sf-menu sf-js-enabled\">\n<li class=\"menu-item menu-item-type-post_type menu-item-object-page current-menu-item page_item page-item-121 current_page_item menu-item-531\" aria-current=\"true\"><a class=\"menu-link\" href=\"https:\/\/gaphrsm.ca\/lecteur\/nos-principales-activites\/\">Nos principales activit\u00e9s<\/a><span class=\"screen-reader-text\">(current)<\/span><span class=\"screen-reader-text\">(current)<\/span><\/li>\n<li class=\"menu-item menu-item-type-post_type menu-item-object-page menu-item-566\"><a class=\"menu-link\" href=\"https:\/\/gaphrsm.ca\/lecteur\/enjeux-municipaux\/\">Enjeux municipaux<\/a><\/li>\n<li class=\"menu-item menu-item-type-post_type menu-item-object-page menu-item-565\"><a class=\"menu-link\" href=\"https:\/\/gaphrsm.ca\/lecteur\/soutien-a-la-personne\/\">Soutien \u00e0 la personne<\/a><\/li>\n<li class=\"menu-item menu-item-type-post_type menu-item-object-page menu-item-564\"><a class=\"menu-link\" href=\"https:\/\/gaphrsm.ca\/lecteur\/soutien-a-la-famille\/\">Soutien \u00e0 la famille<\/a><\/li>\n<li class=\"menu-item menu-item-type-post_type menu-item-object-page menu-item-563\"><a class=\"menu-link\" href=\"https:\/\/gaphrsm.ca\/lecteur\/sensibilisation-education-populaire\/\">Sensibilisation \u00e9ducation populaire<\/a><\/li>\n<li class=\"menu-item menu-item-type-post_type menu-item-object-page menu-item-562\"><a class=\"menu-link\" href=\"https:\/\/gaphrsm.ca\/lecteur\/soutien-et-formations-aux-membres\/\">SOUTIEN ET FORMATIONS AUX MEMBRES<\/a><\/li>\n<li class=\"menu-item menu-item-type-post_type menu-item-object-page menu-item-561\"><a class=\"menu-link\" href=\"https:\/\/gaphrsm.ca\/lecteur\/section-membres\/\">SECTION MEMBRES<\/a><\/li>\n<\/ul>\n<\/div>\n<\/div><\/div><div id=\"panel-552-0-0-1\" class=\"so-panel widget widget_sow-editor panel-last-child\" data-index=\"1\" ><div\n\t\t\t\n\t\t\tclass=\"so-widget-sow-editor so-widget-sow-editor-base\"\n\t\t\t\n\t\t>\n<div class=\"siteorigin-widget-tinymce textwidget\">\n\t<h2>journ\u00e9e de r\u00e9flexion et de mobilisation portant sur la r\u00e9appropriation de la d\u00e9fense collective des droits, dans le cadre de la tourn\u00e9e d'envergure nationale de l\u2019AQRIPH.<\/h2>\n<p>L\u2019objectif est de renforcer l'importance de la d\u00e9fense des droits exerc\u00e9e par les organismes, de valoriser les organismes dans l\u2019exercice de ce r\u00f4le.<\/p>\n<p><img loading=\"lazy\" decoding=\"async\" src=\"https:\/\/www.gaphrsm.ca\/images\/elements_graphiques\/doc_word.jpg\" alt=\"Document Word\" width=\"16\" height=\"16\" \/> <a href=\"https:\/\/www.gaphrsm.ca\/wp-content\/uploads\/2020\/02\/Rapport-de-la-tourne\u0301e-Word.docx\">Rapport-de-la-tourn\u00e9e<\/a><br \/>\n<img loading=\"lazy\" decoding=\"async\" src=\"https:\/\/www.gaphrsm.ca\/images\/elements_graphiques\/doc_pdf.jpg\" alt=\"Document Acrobat reader\" width=\"16\" height=\"16\" \/> <a href=\"https:\/\/www.gaphrsm.ca\/wp-content\/uploads\/2020\/02\/Rapport-de-la-tourn\u00e9e.pdf\" target=\"_blank\" rel=\"noopener\">Rapport-de-la-tourn\u00e9e<\/a><\/p>\n<p><img loading=\"lazy\" decoding=\"async\" src=\"https:\/\/www.gaphrsm.ca\/images\/elements_graphiques\/doc_word.jpg\" alt=\"Document Word\" width=\"16\" height=\"16\" \/> <a href=\"https:\/\/www.gaphrsm.ca\/wp-content\/uploads\/2020\/02\/De\u0301marche-structure\u0301e-Word.docx\">D\u00e9marche-structur\u00e9e 2020<\/a><br \/>\n<img loading=\"lazy\" decoding=\"async\" src=\"https:\/\/www.gaphrsm.ca\/images\/elements_graphiques\/doc_pdf.jpg\" alt=\"Document Acrobat reader\" width=\"16\" height=\"16\" \/> <a href=\"https:\/\/www.gaphrsm.ca\/wp-content\/uploads\/2020\/02\/D\u00e9marche-structur\u00e9e.pdf\" target=\"_blank\" rel=\"noopener\">D\u00e9marche-structur\u00e9e 2020<\/a><\/p>\n<p><img loading=\"lazy\" decoding=\"async\" src=\"https:\/\/www.gaphrsm.ca\/images\/elements_graphiques\/doc_word.jpg\" alt=\"Document Word\" width=\"16\" height=\"16\" \/> <a href=\"https:\/\/www.gaphrsm.ca\/wp-content\/uploads\/2020\/02\/Guide-de\u0301fense-collective-des-droits-Word.docx\">Guide-d\u00e9fense-collective-des-droits 2020<\/a><br \/>\n<img loading=\"lazy\" decoding=\"async\" src=\"https:\/\/www.gaphrsm.ca\/images\/elements_graphiques\/doc_pdf.jpg\" alt=\"Document Acrobat reader\" width=\"16\" height=\"16\" \/> <a href=\"https:\/\/www.gaphrsm.ca\/wp-content\/uploads\/2020\/02\/Guide-d\u00e9fense-collective-des-droits.pdf\" target=\"_blank\" rel=\"noopener\">Guide-d\u00e9fense-collective-des-droits 2020<\/a><\/p>\n<h2>Formation\u00a0aux membres<\/h2>\n<p>Le plan de formation\u00a0 \u00e0 nos membres veut soutenir et cultiver les forces des associations pour le bien de chacun\u00a0 et pour\u00a0 l\u2019ensemble des personnes que nous repr\u00e9sentons. Ces rencontres\u00a0 nous permettent de vivre\u00a0 ensemble des exp\u00e9riences qui donnent\u00a0 du SENS \u00e0 notre engagement communautaire. Ces rencontres aident \u00e0 pr\u00e9ciser notre identit\u00e9 comme regroupement et comme organisme individuel, par l\u2019engagement \u00e0 des valeurs communes, par la reconnaissance de la force et le pouvoir du milieu associatif.<\/p>\n<p><img loading=\"lazy\" decoding=\"async\" src=\"https:\/\/www.gaphrsm.ca\/images\/elements_graphiques\/doc_ppt.jpg\" alt=\"Document PowerPoint\" width=\"16\" height=\"16\" \/> <a href=\"https:\/\/www.gaphrsm.ca\/wp-content\/uploads\/2020\/03\/Marketing-social.pptx\">Mars 2020: Marketing social (Power Point)<\/a><br \/>\n<img loading=\"lazy\" decoding=\"async\" src=\"https:\/\/www.gaphrsm.ca\/images\/elements_graphiques\/doc_word.jpg\" alt=\"Document Word\" width=\"16\" height=\"16\" \/> <a href=\"https:\/\/www.gaphrsm.ca\/wp-content\/uploads\/2020\/03\/PPT-version-Word-Marketing-social.docx\">Mars 2020: Marketing social (version Word)<\/a><\/p>\n<p><img loading=\"lazy\" decoding=\"async\" src=\"https:\/\/www.gaphrsm.ca\/images\/elements_graphiques\/doc_word.jpg\" alt=\"Document Word\" width=\"16\" height=\"16\" \/>\u00a0<a href=\"https:\/\/www.gaphrsm.ca\/documents\/dossier_de_travail\/Rapport-Journee-monteregienne-Word.docx\" target=\"_blank\" rel=\"noopener\">Rapport journ\u00e9e mont\u00e9r\u00e9gienne 2014<\/a><br \/>\n<img loading=\"lazy\" decoding=\"async\" src=\"https:\/\/www.gaphrsm.ca\/images\/elements_graphiques\/doc_pdf.jpg\" alt=\"Document Acrobat reader\" width=\"16\" height=\"16\" \/>\u00a0<a href=\"https:\/\/www.gaphrsm.ca\/documents\/dossier_de_travail\/Rapport-journee-monteregienne-2014.pdf\" target=\"_blank\" rel=\"noopener\">Rapport journ\u00e9e mont\u00e9r\u00e9gienne 2014<\/a><br \/>\n<img loading=\"lazy\" decoding=\"async\" src=\"https:\/\/www.gaphrsm.ca\/images\/elements_graphiques\/doc_word.jpg\" alt=\"Document Word\" width=\"16\" height=\"16\" \/>\u00a0<a title=\"S\u2019outiller pour mieux d\u00e9fendre ses droits : plaidoyer pour l\u2019\u00e9galit\u00e9 et militer pour d\u00e9fendre ses droits; l\u2019\u00e9ducation et la formation aux droits de la personne\" href=\"https:\/\/www.gaphrsm.ca\/documents\/Documentation\/Plaidoyer-pour-l-egalite-militer-pour-les-droits-nouvelle-version(2013).docx\" target=\"_blank\" rel=\"noopener\">Janvier 2015 : Plaidoyer pour l\u2019\u00e9galit\u00e9 et militer pour d\u00e9fendre ses droits <\/a><br \/>\n<img loading=\"lazy\" decoding=\"async\" src=\"https:\/\/www.gaphrsm.ca\/images\/elements_graphiques\/doc_ppt.jpg\" alt=\"Document PowerPoint\" width=\"16\" height=\"16\" \/>\u00a0<a title=\"S\u2019outiller pour mieux d\u00e9fendre ses droits: strat\u00e9gies et plan d\u2019action\" href=\"https:\/\/www.gaphrsm.ca\/documents\/Documentation\/Defendre-ses-droits.ppt\" target=\"_blank\" rel=\"noopener\">Janvier 2015 : S\u2019outiller pour mieux d\u00e9fendre ses droits: strat\u00e9gies et plan d\u2019action<\/a><br \/>\n<img loading=\"lazy\" decoding=\"async\" src=\"https:\/\/www.gaphrsm.ca\/images\/elements_graphiques\/doc_word.jpg\" alt=\"Document Word\" width=\"16\" height=\"16\" \/>\u00a0<a title=\"L\u2019\u00e9ducation et la formation aux droits de la personne\" href=\"https:\/\/www.gaphrsm.ca\/documents\/Documentation\/Education-et-formation-aux-droits-de-la-personne.doc\" target=\"_blank\" rel=\"noopener\">Janvier 2015 : L\u2019\u00e9ducation et la formation aux droits de la personne<\/a><br \/>\n<img loading=\"lazy\" decoding=\"async\" src=\"https:\/\/www.gaphrsm.ca\/images\/elements_graphiques\/doc_pdf.jpg\" alt=\"Document PDF\" width=\"16\" height=\"16\" \/>\u00a0<a title=\"Rapport de la journ\u00e9e mont\u00e9r\u00e9gienne sur le loisir et la participation sociale : Le choix pour tous\" href=\"https:\/\/www.gaphrsm.ca\/documents\/Documentation\/Rapport-journee-monteregienne.pdf\" target=\"_blank\" rel=\"noopener\">Septembre 2013 : rapport de la journ\u00e9e mont\u00e9r\u00e9gienne sur le loisir et la participation sociale : <em>Le choix pour tous<\/em><\/a><br \/>\n<img loading=\"lazy\" decoding=\"async\" src=\"https:\/\/www.gaphrsm.ca\/images\/elements_graphiques\/doc_ppt.jpg\" alt=\"Document PowerPoint\" width=\"16\" height=\"16\" \/>\u00a0<a title=\"Transformer les difficult\u00e9s en opportunit\u00e9s\" href=\"https:\/\/www.gaphrsm.ca\/documents\/Documentation\/20120529_Transformer_difficulte_opportunite.pptm\" target=\"_blank\" rel=\"noopener\">Transformer une difficult\u00e9 en opportunit\u00e9<\/a><br \/>\n<img loading=\"lazy\" decoding=\"async\" src=\"https:\/\/www.gaphrsm.ca\/images\/elements_graphiques\/doc_ppt.jpg\" alt=\"Document PowerPoint\" width=\"16\" height=\"16\" \/>\u00a0<a title=\"Pr\u00e9senter ses dossiers de fa\u00e7on convaincante\" href=\"https:\/\/www.gaphrsm.ca\/documents\/Documentation\/20120529_Formation_dossier_convaincant_091210.pptm\" target=\"_blank\" rel=\"noopener\">Pr\u00e9senter ses dossiers de fa\u00e7on convaincante<\/a><br \/>\n<img loading=\"lazy\" decoding=\"async\" src=\"https:\/\/www.gaphrsm.ca\/images\/elements_graphiques\/doc_word.jpg\" alt=\"Document Word\" width=\"16\" height=\"16\" \/>\u00a0<a title=\"Am\u00e9liorer ses habilet\u00e9s relationnelles\" href=\"https:\/\/www.gaphrsm.ca\/documents\/Documentation\/20120529_Ameliorer_habiletes_relationnelles.doc\" target=\"_blank\" rel=\"noopener\">Am\u00e9liorer ses habilet\u00e9s relationnelles<\/a><br \/>\n<img loading=\"lazy\" decoding=\"async\" src=\"https:\/\/www.gaphrsm.ca\/images\/elements_graphiques\/doc_ppt.jpg\" alt=\"Document PowerPoint\" width=\"16\" height=\"16\" \/>\u00a0<a title=\"Historique du mouvement communautaire\" href=\"https:\/\/www.gaphrsm.ca\/documents\/Documentation\/20120529_historique_milieu_communautaire_5_octobre_2010.pptm\" target=\"_blank\" rel=\"noopener\">L'historique du mouvement communautaire<\/a><br \/>\n<img loading=\"lazy\" decoding=\"async\" src=\"https:\/\/www.gaphrsm.ca\/images\/elements_graphiques\/doc_ppt.jpg\" alt=\"Document PowerPoint\" width=\"16\" height=\"16\" \/>\u00a0<a title=\"Portrait des organismes\" href=\"https:\/\/www.gaphrsm.ca\/documents\/Documentation\/20120529_Portrtait-des_organismes.pptm\" target=\"_blank\" rel=\"noopener\">Portrait des organismes<\/a><br \/>\n<img loading=\"lazy\" decoding=\"async\" src=\"https:\/\/www.gaphrsm.ca\/images\/elements_graphiques\/doc_ppt.jpg\" alt=\"Document PowerPoint\" width=\"16\" height=\"16\" \/>\u00a0<a title=\"Formation Me Leli\u00e8vre\" href=\"https:\/\/www.gaphrsm.ca\/documents\/Documentation\/20120530_Formation_Me_Leliivre_9002_092.ppt\" target=\"_blank\" rel=\"noopener\">Formation Me Leli\u00e8vre<\/a><br \/>\n<img loading=\"lazy\" decoding=\"async\" src=\"https:\/\/www.gaphrsm.ca\/images\/elements_graphiques\/doc_word.jpg\" alt=\"Document Word\" width=\"16\" height=\"16\" \/>\u00a0<a title=\"Formation Me Leli\u00e8vre, version adapt\u00e9e\" href=\"https:\/\/www.gaphrsm.ca\/documents\/Documentation\/20120601_Formation_Me_Lelievre_version_adaptee.rtf\" target=\"_blank\" rel=\"noopener\">Formation Me Leli\u00e8vre, version adapt\u00e9e<\/a><br \/>\n<img loading=\"lazy\" decoding=\"async\" src=\"https:\/\/www.gaphrsm.ca\/images\/elements_graphiques\/doc_word.jpg\" alt=\"Document Word\" width=\"16\" height=\"16\" \/>\u00a0<a title=\"Strat\u00e9gies pour une d\u00e9fense communautaire des droits\" href=\"https:\/\/www.gaphrsm.ca\/documents\/Documentation\/20120529_Strategies_defense_communautaire_droits.doc\" target=\"_blank\" rel=\"noopener\">Strat\u00e9gies\u00a0d\u00e9fense communautaire des droits<\/a><br \/>\n<img loading=\"lazy\" decoding=\"async\" src=\"https:\/\/www.gaphrsm.ca\/images\/elements_graphiques\/doc_word.jpg\" alt=\"Document Word\" width=\"16\" height=\"16\" \/>\u00a0<a title=\"Volume I Pour une meilleure...\" href=\"https:\/\/www.gaphrsm.ca\/documents\/Documentation\/20120529_Volume_1__Pour_une_meilleure_CDPDJ.doc\" target=\"_blank\" rel=\"noopener\">Volume I pour une meilleure...\u00a0<\/a><br \/>\n<img loading=\"lazy\" decoding=\"async\" src=\"https:\/\/www.gaphrsm.ca\/images\/elements_graphiques\/doc_word.jpg\" alt=\"Document Word\" width=\"16\" height=\"16\" \/>\u00a0<a title=\"Volume II, Pour une meilleure...\" href=\"https:\/\/www.gaphrsm.ca\/documents\/Documentation\/20120530_Volume_11__Pour_une_meilleureCDPDJ_mars_2011.doc\" target=\"_blank\" rel=\"noopener\">Volume II pour une meilleure...<\/a><br \/>\n<img loading=\"lazy\" decoding=\"async\" src=\"https:\/\/www.gaphrsm.ca\/images\/elements_graphiques\/doc_ppt.jpg\" alt=\"Document PowerPoint\" width=\"16\" height=\"16\" \/>\u00a0<a title=\"\u00c9tablissement des priorit\u00e9s\" href=\"https:\/\/www.gaphrsm.ca\/documents\/Documentation\/20120529_Etablissement_des_priorites.pptm\" target=\"_blank\" rel=\"noopener\">\u00c9tablissement des priorit\u00e9s<\/a><br \/>\n<img loading=\"lazy\" decoding=\"async\" src=\"https:\/\/www.gaphrsm.ca\/images\/elements_graphiques\/doc_word.jpg\" alt=\"Document Word\" width=\"16\" height=\"16\" \/>\u00a0<a title=\"Priorit\u00e9 aux priorit\u00e9s, GAPHRSM\" href=\"https:\/\/www.gaphrsm.ca\/documents\/Documentation\/20120529_Priorite_aux_priorites_GAPHRSM_mai2011_texte.rtf\" target=\"_blank\" rel=\"noopener\">Priorit\u00e9s aux priorit\u00e9s GAPHRSM mai 2011<\/a><br \/>\n<img loading=\"lazy\" decoding=\"async\" src=\"https:\/\/www.gaphrsm.ca\/images\/elements_graphiques\/doc_ppt.jpg\" alt=\"Document PowerPoint\" width=\"16\" height=\"16\" \/>\u00a0<a title=\"Formation concertation 14 octobre 2011\" href=\"https:\/\/www.gaphrsm.ca\/documents\/Documentation\/20120529_Formation_concertation_14_oct_2011_finale.pptm\" target=\"_blank\" rel=\"noopener\">Formation concertation 14 octobre 2011<\/a><br \/>\n<img loading=\"lazy\" decoding=\"async\" src=\"https:\/\/www.gaphrsm.ca\/images\/elements_graphiques\/doc_word.jpg\" alt=\"Document Word\" width=\"16\" height=\"16\" \/>\u00a0<a title=\"Transitions de vie, 16 novembre 2011\" href=\"https:\/\/www.gaphrsm.ca\/documents\/Documentation\/20120605_Transitions_de_vie_16novembre2011.doc\" target=\"_blank\" rel=\"noopener\">Transitions de vie, 16 nov 2011<\/a><br \/>\n<img loading=\"lazy\" decoding=\"async\" src=\"https:\/\/www.gaphrsm.ca\/images\/elements_graphiques\/doc_word.jpg\" alt=\"Document Word\" width=\"16\" height=\"16\" \/>\u00a0<a title=\"Transitions de vie, 16 novembre 2011, version adapt\u00e9e\" href=\"https:\/\/www.gaphrsm.ca\/documents\/Documentation\/20120605_Transitions_de_vie_16novembre2011_Version_adaptee.doc\" target=\"_blank\" rel=\"noopener\">Transitions de vie, 16 nov 2011\u00a0version adapt\u00e9e<\/a><br \/>\n<img loading=\"lazy\" decoding=\"async\" src=\"https:\/\/www.gaphrsm.ca\/images\/elements_graphiques\/doc_word.jpg\" alt=\"Document Word\" width=\"16\" height=\"16\" \/>\u00a0<a title=\"Leadership 29 mai 2012\" href=\"https:\/\/www.gaphrsm.ca\/documents\/Documentation\/20120611_Leadership_29_mai_2012.doc\" target=\"_blank\" rel=\"noopener\">Leadership 29 mai 2012<\/a><\/p>\n<\/div>\n<\/div><\/div><\/div><\/div><\/div>","protected":false},"excerpt":{"rendered":"<p>Nos principales activit\u00e9s(current)(current) Enjeux municipaux Soutien \u00e0 la personne Soutien \u00e0 la famille Sensibilisation \u00e9ducation populaire SOUTIEN ET FORMATIONS AUX MEMBRES SECTION MEMBRES journ\u00e9e de r\u00e9flexion et de mobilisation portant sur la r\u00e9appropriation de la d\u00e9fense collective des droits, dans le cadre de la tourn\u00e9e d&rsquo;envergure nationale de l\u2019AQRIPH. L\u2019objectif est de renforcer l&rsquo;importance de&hellip; <\/p>\n<p class=\"simppeli-read-more\"><a href=\"https:\/\/www.gaphrsm.ca\/lecteur\/soutien-et-formations-aux-membres\/\" class=\"more-link\">Continue reading <span class=\"screen-reader-text\">SOUTIEN ET FORMATIONS AUX MEMBRES<\/span> <span class=\"meta-nav\">&rarr;<\/span><\/a><\/p>\n","protected":false},"author":1,"featured_media":0,"parent":0,"menu_order":0,"comment_status":"closed","ping_status":"closed","template":"","meta":{"footnotes":""},"class_list":["post-552","page","type-page","status-publish","hentry"],"_links":{"self":[{"href":"https:\/\/www.gaphrsm.ca\/lecteur\/wp-json\/wp\/v2\/pages\/552","targetHints":{"allow":["GET"]}}],"collection":[{"href":"https:\/\/www.gaphrsm.ca\/lecteur\/wp-json\/wp\/v2\/pages"}],"about":[{"href":"https:\/\/www.gaphrsm.ca\/lecteur\/wp-json\/wp\/v2\/types\/page"}],"author":[{"embeddable":true,"href":"https:\/\/www.gaphrsm.ca\/lecteur\/wp-json\/wp\/v2\/users\/1"}],"replies":[{"embeddable":true,"href":"https:\/\/www.gaphrsm.ca\/lecteur\/wp-json\/wp\/v2\/comments?post=552"}],"version-history":[{"count":12,"href":"https:\/\/www.gaphrsm.ca\/lecteur\/wp-json\/wp\/v2\/pages\/552\/revisions"}],"predecessor-version":[{"id":1211,"href":"https:\/\/www.gaphrsm.ca\/lecteur\/wp-json\/wp\/v2\/pages\/552\/revisions\/1211"}],"wp:attachment":[{"href":"https:\/\/www.gaphrsm.ca\/lecteur\/wp-json\/wp\/v2\/media?parent=552"}],"curies":[{"name":"wp","href":"https:\/\/api.w.org\/{rel}","templated":true}]}}